{"id":32923,"date":"2023-10-18T14:19:14","date_gmt":"2023-10-18T14:19:14","guid":{"rendered":"https:\/\/www.calpeda.com\/information-e-consents-for-marketing\/"},"modified":"2024-02-22T09:50:49","modified_gmt":"2024-02-22T09:50:49","slug":"informationen-und-einwilligung-zur-vermarktung","status":"publish","type":"page","link":"https:\/\/www.calpeda.com\/de\/informationen-und-einwilligung-zur-vermarktung\/","title":{"rendered":"Informationen und Einwilligung zur Vermarktung"},"content":{"rendered":"[vc_row type=&#8220;in_container&#8220; full_screen_row_position=&#8220;middle&#8220; column_margin=&#8220;default&#8220; column_direction=&#8220;default&#8220; column_direction_tablet=&#8220;default&#8220; column_direction_phone=&#8220;default&#8220; scene_position=&#8220;center&#8220; top_padding=&#8220;2%&#8220; text_color=&#8220;dark&#8220; text_align=&#8220;left&#8220; row_border_radius=&#8220;none&#8220; row_border_radius_applies=&#8220;bg&#8220; overflow=&#8220;visible&#8220; overlay_strength=&#8220;0.3&#8243; gradient_direction=&#8220;left_to_right&#8220; shape_divider_position=&#8220;bottom&#8220; bg_image_animation=&#8220;none&#8220; gradient_type=&#8220;default&#8220; shape_type=&#8220;&#8220;][vc_column column_padding=&#8220;no-extra-padding&#8220; column_padding_tablet=&#8220;inherit&#8220; column_padding_phone=&#8220;inherit&#8220; column_padding_position=&#8220;all&#8220; column_element_direction_desktop=&#8220;default&#8220; column_element_spacing=&#8220;default&#8220; desktop_text_alignment=&#8220;default&#8220; tablet_text_alignment=&#8220;default&#8220; phone_text_alignment=&#8220;default&#8220; background_color_opacity=&#8220;1&#8243; background_hover_color_opacity=&#8220;1&#8243; column_backdrop_filter=&#8220;none&#8220; column_shadow=&#8220;none&#8220; column_border_radius=&#8220;none&#8220; column_link_target=&#8220;_self&#8220; column_position=&#8220;default&#8220; gradient_direction=&#8220;left_to_right&#8220; overlay_strength=&#8220;0.3&#8243; width=&#8220;1\/4&#8243; tablet_width_inherit=&#8220;default&#8220; animation_type=&#8220;default&#8220; bg_image_animation=&#8220;none&#8220; border_type=&#8220;simple&#8220; column_border_width=&#8220;none&#8220; column_border_style=&#8220;solid&#8220;][\/vc_column][vc_column column_padding=&#8220;no-extra-padding&#8220; column_padding_tablet=&#8220;inherit&#8220; column_padding_phone=&#8220;inherit&#8220; column_padding_position=&#8220;all&#8220; column_element_direction_desktop=&#8220;default&#8220; column_element_spacing=&#8220;default&#8220; desktop_text_alignment=&#8220;default&#8220; tablet_text_alignment=&#8220;default&#8220; phone_text_alignment=&#8220;default&#8220; background_color_opacity=&#8220;1&#8243; background_hover_color_opacity=&#8220;1&#8243; column_backdrop_filter=&#8220;none&#8220; column_shadow=&#8220;none&#8220; column_border_radius=&#8220;none&#8220; column_link_target=&#8220;_self&#8220; column_position=&#8220;default&#8220; gradient_direction=&#8220;left_to_right&#8220; overlay_strength=&#8220;0.3&#8243; width=&#8220;1\/2&#8243; tablet_width_inherit=&#8220;default&#8220; animation_type=&#8220;default&#8220; bg_image_animation=&#8220;none&#8220; border_type=&#8220;simple&#8220; column_border_width=&#8220;none&#8220; column_border_style=&#8220;solid&#8220;][nectar_highlighted_text color_type=&#8220;regular&#8220; style=&#8220;full_text&#8220; highlight_expansion=&#8220;default&#8220; custom_font_size=&#8220;42px&#8220;]\n<h1><b>Informationen und Einwilligung zur Vermarktung<\/b><\/h1>\n[\/nectar_highlighted_text][vc_column_text]<b>Betreff: Von Calpeda S.p.A. im Sinne des Art. 13 der Europ\u00e4ischen Verordnung 2016\/679 herausgegebener Datenschutzhinweis<\/b><\/p>\n<p>Datenschutzhinweis und Einwilligungen, die am Ende der Formulare der Datenerfassung auf der Website angegeben werden[\/vc_column_text][\/vc_column][vc_column column_padding=&#8220;no-extra-padding&#8220; column_padding_tablet=&#8220;inherit&#8220; column_padding_phone=&#8220;inherit&#8220; column_padding_position=&#8220;all&#8220; column_element_direction_desktop=&#8220;default&#8220; column_element_spacing=&#8220;default&#8220; desktop_text_alignment=&#8220;default&#8220; tablet_text_alignment=&#8220;default&#8220; phone_text_alignment=&#8220;default&#8220; background_color_opacity=&#8220;1&#8243; background_hover_color_opacity=&#8220;1&#8243; column_backdrop_filter=&#8220;none&#8220; column_shadow=&#8220;none&#8220; column_border_radius=&#8220;none&#8220; column_link_target=&#8220;_self&#8220; column_position=&#8220;default&#8220; gradient_direction=&#8220;left_to_right&#8220; overlay_strength=&#8220;0.3&#8243; width=&#8220;1\/4&#8243; tablet_width_inherit=&#8220;default&#8220; animation_type=&#8220;default&#8220; bg_image_animation=&#8220;none&#8220; border_type=&#8220;simple&#8220; column_border_width=&#8220;none&#8220; column_border_style=&#8220;solid&#8220;][\/vc_column][\/vc_row][vc_row type=&#8220;in_container&#8220; full_screen_row_position=&#8220;middle&#8220; column_margin=&#8220;default&#8220; column_direction=&#8220;default&#8220; column_direction_tablet=&#8220;default&#8220; column_direction_phone=&#8220;default&#8220; scene_position=&#8220;center&#8220; text_color=&#8220;dark&#8220; text_align=&#8220;left&#8220; row_border_radius=&#8220;none&#8220; row_border_radius_applies=&#8220;bg&#8220; overflow=&#8220;visible&#8220; overlay_strength=&#8220;0.3&#8243; gradient_direction=&#8220;left_to_right&#8220; shape_divider_position=&#8220;bottom&#8220; bg_image_animation=&#8220;none&#8220; gradient_type=&#8220;default&#8220; shape_type=&#8220;&#8220;][vc_column column_padding=&#8220;no-extra-padding&#8220; column_padding_tablet=&#8220;inherit&#8220; column_padding_phone=&#8220;inherit&#8220; column_padding_position=&#8220;all&#8220; column_element_direction_desktop=&#8220;default&#8220; column_element_spacing=&#8220;default&#8220; desktop_text_alignment=&#8220;default&#8220; tablet_text_alignment=&#8220;default&#8220; phone_text_alignment=&#8220;default&#8220; background_color_opacity=&#8220;1&#8243; background_hover_color_opacity=&#8220;1&#8243; column_backdrop_filter=&#8220;none&#8220; column_shadow=&#8220;none&#8220; column_border_radius=&#8220;none&#8220; column_link_target=&#8220;_self&#8220; column_position=&#8220;default&#8220; gradient_direction=&#8220;left_to_right&#8220; overlay_strength=&#8220;0.3&#8243; width=&#8220;1\/4&#8243; tablet_width_inherit=&#8220;default&#8220; animation_type=&#8220;default&#8220; bg_image_animation=&#8220;none&#8220; border_type=&#8220;simple&#8220; column_border_width=&#8220;none&#8220; column_border_style=&#8220;solid&#8220;][\/vc_column][vc_column column_padding=&#8220;no-extra-padding&#8220; column_padding_tablet=&#8220;inherit&#8220; column_padding_phone=&#8220;inherit&#8220; column_padding_position=&#8220;all&#8220; column_element_direction_desktop=&#8220;default&#8220; column_element_spacing=&#8220;default&#8220; desktop_text_alignment=&#8220;default&#8220; tablet_text_alignment=&#8220;default&#8220; phone_text_alignment=&#8220;default&#8220; background_color_opacity=&#8220;1&#8243; background_hover_color_opacity=&#8220;1&#8243; column_backdrop_filter=&#8220;none&#8220; column_shadow=&#8220;none&#8220; column_border_radius=&#8220;none&#8220; column_link_target=&#8220;_self&#8220; column_position=&#8220;default&#8220; gradient_direction=&#8220;left_to_right&#8220; overlay_strength=&#8220;0.3&#8243; width=&#8220;1\/2&#8243; tablet_width_inherit=&#8220;default&#8220; animation_type=&#8220;default&#8220; bg_image_animation=&#8220;none&#8220; border_type=&#8220;simple&#8220; column_border_width=&#8220;none&#8220; column_border_style=&#8220;solid&#8220;][vc_column_text]<strong>Pr\u00e4missen:<\/strong><\/p>\n<p>1) Infolge Ihrer Besuche dieser Website, des Ausf\u00fcllens der Formulare, dem Eingang Ihrer Anfragen\/Fragen, vorausgegangener Kontakte, Marktforschungen und -erhebungen, m\u00f6glicherweise entstandener gesch\u00e4ftlicher Beziehungen wird unser Unternehmen Ihre personenbezogenen Daten erfassen und verarbeiten.<\/p>\n<p>2) Der Klarheit wegen legen wir hier folgende von der Europ\u00e4ischen Verordnung 2016\/679 festgelegten Begriffsbestimmungen dar:<\/p>\n<p><strong>\u00a0<\/strong><\/p>\n<p><strong>Personenbezogene Daten:<\/strong> Alle eine identifizierte oder identifizierbare nat\u00fcrliche Person (\u00abbetroffene Person\u00bb) betreffenden Informationen; eine nat\u00fcrliche Person ist identifizierbar, wenn sie direkt oder indirekt und unter besonderer Bezugnahme auf ein Erkennungsmerkmal wie den Namen, eine ID-Nummer, Daten zum Wohnsitz, eine Online-Kennung oder aber auf ein beziehungsweise mehrere charakteristische Elemente k\u00f6rperlicher, physiologischer, genetischer, psychischer, wirtschaftlicher, kultureller oder sozialer Natur identifiziert werden kann.<\/p>\n<p><strong>Verarbeitung:<\/strong> Jeder Vorgang oder die Gesamtheit der Vorg\u00e4nge \u2013 mit oder ohne Hilfe automatisierter Prozesse &#8211; ausgef\u00fchrt und angewandt auf personenbezogene Daten oder die Gesamtheit der Daten wie das Erheben, Erfassen, die Organisation, das Ordnen, die Speicherung, die Anpassung oder Ver\u00e4nderung, das Auslesen, das Abfragen, die Verwendung, die Offenlegung durch \u00dcbermittlung, die Verbreitung oder jede andere Form der Bereitstellung, der Abgleich oder die Verkn\u00fcpfung, die Einschr\u00e4nkung, das L\u00f6schen oder die Vernichtung.<\/p>\n<p>Vor diesem Hintergrund und gem\u00e4\u00df Artikel 13 der EU-Verordnung 2016\/679<\/p>\n<p><strong>informieren wir Sie hiermit,<\/strong><\/p>\n<p>dass die Erfassung und Verarbeitung der personenbezogenen Daten durch das unterzeichnende Unternehmen in \u00dcbereinstimmung mit den folgenden Punkten erfolgen wird:<\/p>\n<ol>\n<li><strong>Allgemeine Zwecke:<\/strong> Die Daten werden zur Erledigung Ihrer Anfragen\/Fragen, zur ordnungsgem\u00e4\u00dfen Erf\u00fcllung eventueller b\u00fcrokratischer, buchhalterischer, steuerrechtlicher, kaufm\u00e4nnischer, technischer Verpflichtungen und sonstiger gesetzlich verpflichtender Gesch\u00e4ftst\u00e4tigkeiten verarbeitet, die mit den bestehenden gesch\u00e4ftlichen Beziehungen in engem Zusammenhang stehen.<\/li>\n<li><strong>Zwecke des \u201eDirektmarketings\u201c:<\/strong> Ihre personenbezogenen Daten d\u00fcrfen nur nach Ihrer vorherigen, freien, fakultativen, dementsprechenden und ausdr\u00fccklichen, jederzeit widerruflichen Einwilligung auch zur Zusendung von Werbematerial\/-mitteilungen per Post, E-Mail, Telefon, Fax, SMS, MMS und \u00e4hnlichen Instrumenten verwendet werden; nach Erteilung Ihrer Einwilligung haben Sie auf jeden Fall das Recht, jederzeit und kostenlos Einspruch gegen die Verarbeitung Ihrer Daten zu erheben.<\/li>\n<li><strong>Art und Weise:<\/strong> Die Daten werden sowohl in gedruckter als auch in elektronischer\/digitaler\/telematischer Form verarbeitet, in g\u00e4nzlicher \u00dcbereinstimmung mit den gesetzlichen Bestimmungen, nach den Grunds\u00e4tzen der Rechtm\u00e4\u00dfigkeit und der Korrektheit sowie unter Wahrung Ihrer Privatsph\u00e4re.<\/li>\n<li><strong>Freiwillige Bereitstellung:<\/strong> Die Bereitstellung Ihrer Daten erfolgt freiwillig und stellt keine Pflicht dar.<\/li>\n<li><strong>Folgen einer eventuellen Verweigerung:<\/strong> Die Verweigerung der Datenangabe oder der Einspruch gegen deren Verarbeitung f\u00fcr die Zwecke laut Punkt a) kann dazu f\u00fchren, dass es nicht m\u00f6glich ist, einige Ihrer Anfragen zu erledigen; die Verweigerung der Verwendung der Daten f\u00fcr die Zwecke laut Punkt b) wird hingegen keine Auswirkung auf die Einr\u00e4umung von Vorteilen, die mit Werbeaktionen verbunden sind, oder auf die laufenden Beziehungen haben.<\/li>\n<li><strong>Personen oder Personenkategorien (Empf\u00e4nger), an die die Daten \u00fcbermittelt oder verbreitet werden k\u00f6nnen:<\/strong> Die Daten d\u00fcrfen Dritten zur Erf\u00fcllung gesetzlicher oder vertraglicher Verpflichtungen mitgeteilt werden. Die Daten werden unter keinen Umst\u00e4nden verbreitet.<\/li>\n<li><strong>Personen, die zur Verarbeitung befugt sind:<\/strong> Die Daten werden nur von einer begrenzten Anzahl ausdr\u00fccklich daf\u00fcr befugter Mitarbeiter der Abteilungen Verwaltung, Marketing, EDV und Verkauf verarbeitet.<\/li>\n<li><strong>Automatisierte Entscheidungsprozesse (z.\u00a0B. Profiling): <\/strong>es werden keinerlei automatisierte Entscheidungsprozesse durchgef\u00fchrt.<\/li>\n<li><strong>Rechte der betroffenen Person:<\/strong> F\u00fcr Sie gelten alle in der EU-Verordnung 2016\/679 verankerten Rechte wie das Recht auf Zugang zu personenbezogenen Daten und deren \u00c4nderung, deren L\u00f6schung, die Einschr\u00e4nkung der Datenverarbeitung und das Recht, sich ihrer Verarbeitung zu widersetzen sowie das Recht auf Daten\u00fcbertragbarkeit. Dar\u00fcber hinaus haben Sie das Recht, bei der zust\u00e4ndigen Aufsichtsbeh\u00f6rde Beschwerde einzulegen.<\/li>\n<li><strong>\u00dcbermittlungen in Drittl\u00e4nder: <\/strong>Eventuelle \u00dcbermittlungen personenbezogener Daten in ein au\u00dferhalb der Europ\u00e4ischen Union liegendes Drittland oder an eine internationale Organisation werden auf Grundlage eines Angemessenheitsbeschlusses der Kommission oder, im Falle von \u00dcbermittlungen gem\u00e4\u00df Artikel 46, 47 oder 49, Absatz 2 der Europ\u00e4ischen Verordnung, auf Grundlage geeigneter und angemessener Garantien erfolgen.<\/li>\n<li><strong>Dauer der Datenspeicherung: <\/strong>Die Daten werden \u00fcber den Zeitraum hinweg aufbewahrt, der zur Erf\u00fcllung der Anfragen der betroffenen Person oder gem\u00e4\u00df den Bestimmungen der geltenden Richtlinien oder etwaiger Vertragsklauseln unbedingt erforderlich ist.<\/li>\n<li><strong>Verantwortlicher:<\/strong> Verantwortlicher der Datenverarbeitung ist Calpeda S.p.A. mit Sitz in Montorso Vicentino (VI), Via Roggia di Mezzo Nr. 39, in Person des gesetzlichen Vertreters pro tempore.<\/li>\n<li><strong>Datenschutzbeauftragter\/Protection Officer:<\/strong> Datenschutzbeauftragter ist die Gesellschaft Winger S.r.l., mit Sitz in Reggio Emilia, Via Piccard 16\/G, Tel. 0522\/30.11.69, Fax 0522\/38.79.96: Sie k\u00f6nnen alle Ihre Anfragen f\u00fcr Klarstellungen und von Informationen an diesen Beauftragten richten.<\/li>\n<\/ol>\n<p>Der vorliegende Datenschutzhinweis kann m\u00fcndlich oder schriftlich um weitere Elemente und Angaben erg\u00e4nzt werden, um Ihrem Informationsbedarf in Sachen \u201eDatenschutz\u201c auf die bestm\u00f6gliche Weise gerecht zu werden und der Entwicklung der Vorschriften nachkommen zu k\u00f6nnen.<\/p>\n<p>&nbsp;<\/p>\n<p>Datum: 13.10.2023\u00a0\u00a0\u00a0\u00a0\u00a0\u00a0\u00a0\u00a0\u00a0\u00a0\u00a0\u00a0\u00a0\u00a0\u00a0\u00a0\u00a0\u00a0\u00a0\u00a0\u00a0\u00a0\u00a0\u00a0\u00a0\u00a0\u00a0\u00a0\u00a0\u00a0\u00a0\u00a0\u00a0\u00a0\u00a0\u00a0\u00a0\u00a0\u00a0\u00a0\u00a0\u00a0\u00a0\u00a0\u00a0\u00a0\u00a0\u00a0\u00a0\u00a0\u00a0\u00a0\u00a0\u00a0\u00a0\u00a0\u00a0\u00a0\u00a0\u00a0\u00a0\u00a0\u00a0\u00a0\u00a0\u00a0\u00a0\u00a0\u00a0\u00a0\u00a0\u00a0\u00a0\u00a0\u00a0\u00a0\u00a0\u00a0\u00a0\u00a0\u00a0\u00a0\u00a0\u00a0\u00a0\u00a0\u00a0\u00a0\u00a0\u00a0\u00a0 Verantwortlicher der Verarbeitung<\/p>\n<p>Calpeda S.p.A.<strong>\u00a0\u00a0\u00a0\u00a0\u00a0\u00a0 <\/strong>[\/vc_column_text][\/vc_column][vc_column column_padding=&#8220;no-extra-padding&#8220; column_padding_tablet=&#8220;inherit&#8220; column_padding_phone=&#8220;inherit&#8220; column_padding_position=&#8220;all&#8220; column_element_direction_desktop=&#8220;default&#8220; column_element_spacing=&#8220;default&#8220; desktop_text_alignment=&#8220;default&#8220; tablet_text_alignment=&#8220;default&#8220; phone_text_alignment=&#8220;default&#8220; background_color_opacity=&#8220;1&#8243; background_hover_color_opacity=&#8220;1&#8243; column_backdrop_filter=&#8220;none&#8220; column_shadow=&#8220;none&#8220; column_border_radius=&#8220;none&#8220; column_link_target=&#8220;_self&#8220; column_position=&#8220;default&#8220; gradient_direction=&#8220;left_to_right&#8220; overlay_strength=&#8220;0.3&#8243; width=&#8220;1\/4&#8243; tablet_width_inherit=&#8220;default&#8220; animation_type=&#8220;default&#8220; bg_image_animation=&#8220;none&#8220; border_type=&#8220;simple&#8220; column_border_width=&#8220;none&#8220; column_border_style=&#8220;solid&#8220;][\/vc_column][\/vc_row]\n","protected":false},"excerpt":{"rendered":"<p>[vc_row type=&#8220;in_container&#8220; full_screen_row_position=&#8220;middle&#8220; column_margin=&#8220;default&#8220; column_direction=&#8220;default&#8220; column_direction_tablet=&#8220;default&#8220; column_direction_phone=&#8220;default&#8220; scene_position=&#8220;center&#8220; top_padding=&#8220;2%&#8220; text_color=&#8220;dark&#8220; text_align=&#8220;left&#8220; row_border_radius=&#8220;none&#8220; row_border_radius_applies=&#8220;bg&#8220; overflow=&#8220;visible&#8220; overlay_strength=&#8220;0.3&#8243; gradient_direction=&#8220;left_to_right&#8220; shape_divider_position=&#8220;bottom&#8220; bg_image_animation=&#8220;none&#8220; gradient_type=&#8220;default&#8220; shape_type=&#8220;&#8220;][vc_column column_padding=&#8220;no-extra-padding&#8220; column_padding_tablet=&#8220;inherit&#8220; column_padding_phone=&#8220;inherit&#8220; column_padding_position=&#8220;all&#8220; column_element_direction_desktop=&#8220;default&#8220; column_element_spacing=&#8220;default&#8220; desktop_text_alignment=&#8220;default&#8220; tablet_text_alignment=&#8220;default&#8220; phone_text_alignment=&#8220;default&#8220; background_color_opacity=&#8220;1&#8243;&#8230;<\/p>\n","protected":false},"author":4,"featured_media":0,"parent":0,"menu_order":0,"comment_status":"closed","ping_status":"closed","template":"","meta":{"footnotes":""},"class_list":["post-32923","page","type-page","status-publish"],"yoast_head":"<!-- This site is optimized with the Yoast SEO plugin v27.5 - https:\/\/yoast.com\/product\/yoast-seo-wordpress\/ -->\n<title>Informationen und Einwilligung zur Vermarktung - Calpeda<\/title>\n<meta name=\"robots\" content=\"index, follow, max-snippet:-1, max-image-preview:large, max-video-preview:-1\" \/>\n<link rel=\"canonical\" href=\"https:\/\/www.calpeda.com\/de\/informationen-und-einwilligung-zur-vermarktung\/\" \/>\n<meta property=\"og:locale\" content=\"de_DE\" \/>\n<meta property=\"og:type\" content=\"article\" \/>\n<meta property=\"og:title\" content=\"Informationen und Einwilligung zur Vermarktung - Calpeda\" \/>\n<meta property=\"og:description\" content=\"[vc_row type=&#8220;in_container&#8220; full_screen_row_position=&#8220;middle&#8220; column_margin=&#8220;default&#8220; column_direction=&#8220;default&#8220; column_direction_tablet=&#8220;default&#8220; column_direction_phone=&#8220;default&#8220; scene_position=&#8220;center&#8220; top_padding=&#8220;2%&#8220; text_color=&#8220;dark&#8220; text_align=&#8220;left&#8220; row_border_radius=&#8220;none&#8220; row_border_radius_applies=&#8220;bg&#8220; overflow=&#8220;visible&#8220; overlay_strength=&#8220;0.3&#8243; gradient_direction=&#8220;left_to_right&#8220; shape_divider_position=&#8220;bottom&#8220; bg_image_animation=&#8220;none&#8220; gradient_type=&#8220;default&#8220; shape_type=&#8220;&#8220;][vc_column column_padding=&#8220;no-extra-padding&#8220; column_padding_tablet=&#8220;inherit&#8220; column_padding_phone=&#8220;inherit&#8220; column_padding_position=&#8220;all&#8220; column_element_direction_desktop=&#8220;default&#8220; column_element_spacing=&#8220;default&#8220; desktop_text_alignment=&#8220;default&#8220; tablet_text_alignment=&#8220;default&#8220; phone_text_alignment=&#8220;default&#8220; background_color_opacity=&#8220;1&#8243;...\" \/>\n<meta property=\"og:url\" content=\"https:\/\/www.calpeda.com\/de\/informationen-und-einwilligung-zur-vermarktung\/\" \/>\n<meta property=\"og:site_name\" content=\"Calpeda\" \/>\n<meta property=\"article:modified_time\" content=\"2024-02-22T09:50:49+00:00\" \/>\n<meta name=\"twitter:card\" content=\"summary_large_image\" \/>\n<meta name=\"twitter:label1\" content=\"Gesch\u00e4tzte Lesezeit\" \/>\n\t<meta name=\"twitter:data1\" content=\"8\u00a0Minuten\" \/>\n<script type=\"application\/ld+json\" class=\"yoast-schema-graph\">{\"@context\":\"https:\\\/\\\/schema.org\",\"@graph\":[{\"@type\":\"WebPage\",\"@id\":\"https:\\\/\\\/www.calpeda.com\\\/de\\\/informationen-und-einwilligung-zur-vermarktung\\\/\",\"url\":\"https:\\\/\\\/www.calpeda.com\\\/de\\\/informationen-und-einwilligung-zur-vermarktung\\\/\",\"name\":\"Informationen und Einwilligung zur Vermarktung - Calpeda\",\"isPartOf\":{\"@id\":\"https:\\\/\\\/www.calpeda.com\\\/de\\\/#website\"},\"datePublished\":\"2023-10-18T14:19:14+00:00\",\"dateModified\":\"2024-02-22T09:50:49+00:00\",\"breadcrumb\":{\"@id\":\"https:\\\/\\\/www.calpeda.com\\\/de\\\/informationen-und-einwilligung-zur-vermarktung\\\/#breadcrumb\"},\"inLanguage\":\"de\",\"potentialAction\":[{\"@type\":\"ReadAction\",\"target\":[\"https:\\\/\\\/www.calpeda.com\\\/de\\\/informationen-und-einwilligung-zur-vermarktung\\\/\"]}]},{\"@type\":\"BreadcrumbList\",\"@id\":\"https:\\\/\\\/www.calpeda.com\\\/de\\\/informationen-und-einwilligung-zur-vermarktung\\\/#breadcrumb\",\"itemListElement\":[{\"@type\":\"ListItem\",\"position\":1,\"name\":\"Home\",\"item\":\"https:\\\/\\\/www.calpeda.com\\\/de\\\/\"},{\"@type\":\"ListItem\",\"position\":2,\"name\":\"Informationen und Einwilligung zur Vermarktung\"}]},{\"@type\":\"WebSite\",\"@id\":\"https:\\\/\\\/www.calpeda.com\\\/de\\\/#website\",\"url\":\"https:\\\/\\\/www.calpeda.com\\\/de\\\/\",\"name\":\"Calpeda\",\"description\":\"\",\"publisher\":{\"@id\":\"https:\\\/\\\/www.calpeda.com\\\/de\\\/#organization\"},\"potentialAction\":[{\"@type\":\"SearchAction\",\"target\":{\"@type\":\"EntryPoint\",\"urlTemplate\":\"https:\\\/\\\/www.calpeda.com\\\/de\\\/?s={search_term_string}\"},\"query-input\":{\"@type\":\"PropertyValueSpecification\",\"valueRequired\":true,\"valueName\":\"search_term_string\"}}],\"inLanguage\":\"de\"},{\"@type\":\"Organization\",\"@id\":\"https:\\\/\\\/www.calpeda.com\\\/de\\\/#organization\",\"name\":\"Calpeda\",\"url\":\"https:\\\/\\\/www.calpeda.com\\\/de\\\/\",\"logo\":{\"@type\":\"ImageObject\",\"inLanguage\":\"de\",\"@id\":\"https:\\\/\\\/www.calpeda.com\\\/de\\\/#\\\/schema\\\/logo\\\/image\\\/\",\"url\":\"https:\\\/\\\/www.calpeda.com\\\/wp-content\\\/uploads\\\/2023\\\/05\\\/calpeda-logo.webp\",\"contentUrl\":\"https:\\\/\\\/www.calpeda.com\\\/wp-content\\\/uploads\\\/2023\\\/05\\\/calpeda-logo.webp\",\"width\":1949,\"height\":399,\"caption\":\"Calpeda\"},\"image\":{\"@id\":\"https:\\\/\\\/www.calpeda.com\\\/de\\\/#\\\/schema\\\/logo\\\/image\\\/\"}}]}<\/script>\n<!-- \/ Yoast SEO plugin. -->","yoast_head_json":{"title":"Informationen und Einwilligung zur Vermarktung - Calpeda","robots":{"index":"index","follow":"follow","max-snippet":"max-snippet:-1","max-image-preview":"max-image-preview:large","max-video-preview":"max-video-preview:-1"},"canonical":"https:\/\/www.calpeda.com\/de\/informationen-und-einwilligung-zur-vermarktung\/","og_locale":"de_DE","og_type":"article","og_title":"Informationen und Einwilligung zur Vermarktung - Calpeda","og_description":"[vc_row type=&#8220;in_container&#8220; full_screen_row_position=&#8220;middle&#8220; column_margin=&#8220;default&#8220; column_direction=&#8220;default&#8220; column_direction_tablet=&#8220;default&#8220; column_direction_phone=&#8220;default&#8220; scene_position=&#8220;center&#8220; top_padding=&#8220;2%&#8220; text_color=&#8220;dark&#8220; text_align=&#8220;left&#8220; row_border_radius=&#8220;none&#8220; row_border_radius_applies=&#8220;bg&#8220; overflow=&#8220;visible&#8220; overlay_strength=&#8220;0.3&#8243; gradient_direction=&#8220;left_to_right&#8220; shape_divider_position=&#8220;bottom&#8220; bg_image_animation=&#8220;none&#8220; gradient_type=&#8220;default&#8220; shape_type=&#8220;&#8220;][vc_column column_padding=&#8220;no-extra-padding&#8220; column_padding_tablet=&#8220;inherit&#8220; column_padding_phone=&#8220;inherit&#8220; column_padding_position=&#8220;all&#8220; column_element_direction_desktop=&#8220;default&#8220; column_element_spacing=&#8220;default&#8220; desktop_text_alignment=&#8220;default&#8220; tablet_text_alignment=&#8220;default&#8220; phone_text_alignment=&#8220;default&#8220; background_color_opacity=&#8220;1&#8243;...","og_url":"https:\/\/www.calpeda.com\/de\/informationen-und-einwilligung-zur-vermarktung\/","og_site_name":"Calpeda","article_modified_time":"2024-02-22T09:50:49+00:00","twitter_card":"summary_large_image","twitter_misc":{"Gesch\u00e4tzte Lesezeit":"8\u00a0Minuten"},"schema":{"@context":"https:\/\/schema.org","@graph":[{"@type":"WebPage","@id":"https:\/\/www.calpeda.com\/de\/informationen-und-einwilligung-zur-vermarktung\/","url":"https:\/\/www.calpeda.com\/de\/informationen-und-einwilligung-zur-vermarktung\/","name":"Informationen und Einwilligung zur Vermarktung - Calpeda","isPartOf":{"@id":"https:\/\/www.calpeda.com\/de\/#website"},"datePublished":"2023-10-18T14:19:14+00:00","dateModified":"2024-02-22T09:50:49+00:00","breadcrumb":{"@id":"https:\/\/www.calpeda.com\/de\/informationen-und-einwilligung-zur-vermarktung\/#breadcrumb"},"inLanguage":"de","potentialAction":[{"@type":"ReadAction","target":["https:\/\/www.calpeda.com\/de\/informationen-und-einwilligung-zur-vermarktung\/"]}]},{"@type":"BreadcrumbList","@id":"https:\/\/www.calpeda.com\/de\/informationen-und-einwilligung-zur-vermarktung\/#breadcrumb","itemListElement":[{"@type":"ListItem","position":1,"name":"Home","item":"https:\/\/www.calpeda.com\/de\/"},{"@type":"ListItem","position":2,"name":"Informationen und Einwilligung zur Vermarktung"}]},{"@type":"WebSite","@id":"https:\/\/www.calpeda.com\/de\/#website","url":"https:\/\/www.calpeda.com\/de\/","name":"Calpeda","description":"","publisher":{"@id":"https:\/\/www.calpeda.com\/de\/#organization"},"potentialAction":[{"@type":"SearchAction","target":{"@type":"EntryPoint","urlTemplate":"https:\/\/www.calpeda.com\/de\/?s={search_term_string}"},"query-input":{"@type":"PropertyValueSpecification","valueRequired":true,"valueName":"search_term_string"}}],"inLanguage":"de"},{"@type":"Organization","@id":"https:\/\/www.calpeda.com\/de\/#organization","name":"Calpeda","url":"https:\/\/www.calpeda.com\/de\/","logo":{"@type":"ImageObject","inLanguage":"de","@id":"https:\/\/www.calpeda.com\/de\/#\/schema\/logo\/image\/","url":"https:\/\/www.calpeda.com\/wp-content\/uploads\/2023\/05\/calpeda-logo.webp","contentUrl":"https:\/\/www.calpeda.com\/wp-content\/uploads\/2023\/05\/calpeda-logo.webp","width":1949,"height":399,"caption":"Calpeda"},"image":{"@id":"https:\/\/www.calpeda.com\/de\/#\/schema\/logo\/image\/"}}]}},"_links":{"self":[{"href":"https:\/\/www.calpeda.com\/de\/wp-json\/wp\/v2\/pages\/32923","targetHints":{"allow":["GET"]}}],"collection":[{"href":"https:\/\/www.calpeda.com\/de\/wp-json\/wp\/v2\/pages"}],"about":[{"href":"https:\/\/www.calpeda.com\/de\/wp-json\/wp\/v2\/types\/page"}],"author":[{"embeddable":true,"href":"https:\/\/www.calpeda.com\/de\/wp-json\/wp\/v2\/users\/4"}],"replies":[{"embeddable":true,"href":"https:\/\/www.calpeda.com\/de\/wp-json\/wp\/v2\/comments?post=32923"}],"version-history":[{"count":0,"href":"https:\/\/www.calpeda.com\/de\/wp-json\/wp\/v2\/pages\/32923\/revisions"}],"wp:attachment":[{"href":"https:\/\/www.calpeda.com\/de\/wp-json\/wp\/v2\/media?parent=32923"}],"curies":[{"name":"wp","href":"https:\/\/api.w.org\/{rel}","templated":true}]}}