{"id":29459,"date":"2023-12-12T15:13:12","date_gmt":"2023-12-12T15:13:12","guid":{"rendered":"https:\/\/www.calpeda.com\/politica-de-privacidad\/"},"modified":"2024-02-08T14:53:17","modified_gmt":"2024-02-08T14:53:17","slug":"politica-de-privacidad","status":"publish","type":"page","link":"https:\/\/www.calpeda.com\/es-es\/politica-de-privacidad\/","title":{"rendered":"Pol\u00edtica de privacidad"},"content":{"rendered":"[vc_row type=&#8221;in_container&#8221; full_screen_row_position=&#8221;middle&#8221; column_margin=&#8221;default&#8221; column_direction=&#8221;default&#8221; column_direction_tablet=&#8221;default&#8221; column_direction_phone=&#8221;default&#8221; scene_position=&#8221;center&#8221; top_padding=&#8221;2%&#8221; text_color=&#8221;dark&#8221; text_align=&#8221;left&#8221; row_border_radius=&#8221;none&#8221; row_border_radius_applies=&#8221;bg&#8221; overflow=&#8221;visible&#8221; overlay_strength=&#8221;0.3&#8243; gradient_direction=&#8221;left_to_right&#8221; shape_divider_position=&#8221;bottom&#8221; bg_image_animation=&#8221;none&#8221; gradient_type=&#8221;default&#8221; shape_type=&#8221;&#8221;][vc_column column_padding=&#8221;no-extra-padding&#8221; column_padding_tablet=&#8221;inherit&#8221; column_padding_phone=&#8221;inherit&#8221; column_padding_position=&#8221;all&#8221; column_element_direction_desktop=&#8221;default&#8221; column_element_spacing=&#8221;default&#8221; desktop_text_alignment=&#8221;default&#8221; tablet_text_alignment=&#8221;default&#8221; phone_text_alignment=&#8221;default&#8221; sticky_content=&#8221;true&#8221; sticky_content_functionality=&#8221;js&#8221; background_color_opacity=&#8221;1&#8243; background_hover_color_opacity=&#8221;1&#8243; column_backdrop_filter=&#8221;none&#8221; column_shadow=&#8221;none&#8221; column_border_radius=&#8221;none&#8221; column_link_target=&#8221;_self&#8221; column_position=&#8221;default&#8221; gradient_direction=&#8221;left_to_right&#8221; overlay_strength=&#8221;0.3&#8243; width=&#8221;1\/3&#8243; tablet_width_inherit=&#8221;default&#8221; animation_type=&#8221;default&#8221; bg_image_animation=&#8221;none&#8221; border_type=&#8221;simple&#8221; column_border_width=&#8221;none&#8221; column_border_style=&#8221;solid&#8221; column_padding_type=&#8221;default&#8221; gradient_type=&#8221;default&#8221;][nectar_highlighted_text color_type=&#8221;regular&#8221; style=&#8221;full_text&#8221; highlight_expansion=&#8221;default&#8221; custom_font_size=&#8221;42px&#8221;]\n<h1><b>Pol\u00edtica de privacidad para el sitio web<\/b><\/h1>\n[\/nectar_highlighted_text][vc_row_inner column_margin=&#8221;default&#8221; column_direction=&#8221;default&#8221; column_direction_tablet=&#8221;default&#8221; column_direction_phone=&#8221;default&#8221; text_align=&#8221;left&#8221; row_position=&#8221;default&#8221; row_position_tablet=&#8221;inherit&#8221; row_position_phone=&#8221;inherit&#8221; overflow=&#8221;visible&#8221; pointer_events=&#8221;all&#8221;][vc_column_inner column_padding=&#8221;no-extra-padding&#8221; column_padding_tablet=&#8221;inherit&#8221; column_padding_phone=&#8221;inherit&#8221; column_padding_position=&#8221;all&#8221; column_element_direction_desktop=&#8221;default&#8221; column_element_spacing=&#8221;default&#8221; desktop_text_alignment=&#8221;default&#8221; tablet_text_alignment=&#8221;default&#8221; phone_text_alignment=&#8221;default&#8221; background_color_opacity=&#8221;1&#8243; background_hover_color_opacity=&#8221;1&#8243; column_backdrop_filter=&#8221;none&#8221; column_shadow=&#8221;none&#8221; column_border_radius=&#8221;none&#8221; column_link_target=&#8221;_self&#8221; overflow=&#8221;visible&#8221; gradient_direction=&#8221;left_to_right&#8221; overlay_strength=&#8221;0.3&#8243; width=&#8221;1\/1&#8243; tablet_width_inherit=&#8221;default&#8221; animation_type=&#8221;default&#8221; bg_image_animation=&#8221;none&#8221; border_type=&#8221;simple&#8221; column_border_width=&#8221;none&#8221; column_border_style=&#8221;solid&#8221;][nectar_cta btn_style=&#8221;underline&#8221; heading_tag=&#8221;h6&#8243; button_color=&#8221;default&#8221; button_border_thickness=&#8221;0px&#8221; link_type=&#8221;regular&#8221; alignment=&#8221;left&#8221; alignment_tablet=&#8221;default&#8221; alignment_phone=&#8221;default&#8221; display=&#8221;block&#8221; display_tablet=&#8221;inherit&#8221; display_phone=&#8221;inherit&#8221; icon_family=&#8221;none&#8221; link_text=&#8221;Pol\u00edtica de Privacidad para clientes y proveedores&#8221; url=&#8221;https:\/\/www.calpeda.com\/es-es\/politica-de-privacidad-para-clientes-y-proveedores\/&#8221;][nectar_cta btn_style=&#8221;underline&#8221; heading_tag=&#8221;h6&#8243; button_color=&#8221;default&#8221; button_border_thickness=&#8221;0px&#8221; link_type=&#8221;regular&#8221; alignment=&#8221;left&#8221; alignment_tablet=&#8221;default&#8221; alignment_phone=&#8221;default&#8221; display=&#8221;block&#8221; display_tablet=&#8221;inherit&#8221; display_phone=&#8221;inherit&#8221; icon_family=&#8221;none&#8221; link_text=&#8221;Information e consents for marketing&#8221; url=&#8221;https:\/\/www.calpeda.com\/es-es\/informacion-y-consentimientos-para-marketing\/&#8221;][nectar_cta btn_style=&#8221;underline&#8221; heading_tag=&#8221;h6&#8243; button_color=&#8221;default&#8221; button_border_thickness=&#8221;0px&#8221; link_type=&#8221;regular&#8221; alignment=&#8221;left&#8221; alignment_tablet=&#8221;default&#8221; alignment_phone=&#8221;default&#8221; display=&#8221;block&#8221; display_tablet=&#8221;inherit&#8221; display_phone=&#8221;inherit&#8221; icon_family=&#8221;none&#8221; link_text=&#8221;Information and consent for curriculum&#8221; url=&#8221;https:\/\/www.calpeda.com\/es-es\/informacion-y-consentimiento-para-el-plan-de-estudios\/&#8221;][nectar_cta btn_style=&#8221;underline&#8221; heading_tag=&#8221;h6&#8243; button_color=&#8221;default&#8221; button_border_thickness=&#8221;0px&#8221; link_type=&#8221;regular&#8221; alignment=&#8221;left&#8221; alignment_tablet=&#8221;default&#8221; alignment_phone=&#8221;default&#8221; display=&#8221;block&#8221; display_tablet=&#8221;inherit&#8221; display_phone=&#8221;inherit&#8221; icon_family=&#8221;none&#8221; link_text=&#8221;Cookie Policy&#8221; url=&#8221;https:\/\/www.calpeda.com\/es-es\/cookie-policy\/&#8221;][\/vc_column_inner][\/vc_row_inner][\/vc_column][vc_column column_padding=&#8221;no-extra-padding&#8221; column_padding_tablet=&#8221;inherit&#8221; column_padding_phone=&#8221;inherit&#8221; column_padding_position=&#8221;all&#8221; column_element_direction_desktop=&#8221;default&#8221; column_element_spacing=&#8221;default&#8221; desktop_text_alignment=&#8221;default&#8221; tablet_text_alignment=&#8221;default&#8221; phone_text_alignment=&#8221;default&#8221; background_color_opacity=&#8221;1&#8243; background_hover_color_opacity=&#8221;1&#8243; column_backdrop_filter=&#8221;none&#8221; column_shadow=&#8221;none&#8221; column_border_radius=&#8221;none&#8221; column_link_target=&#8221;_self&#8221; column_position=&#8221;default&#8221; gradient_direction=&#8221;left_to_right&#8221; overlay_strength=&#8221;0.3&#8243; width=&#8221;2\/3&#8243; tablet_width_inherit=&#8221;default&#8221; animation_type=&#8221;default&#8221; bg_image_animation=&#8221;none&#8221; border_type=&#8221;simple&#8221; column_border_width=&#8221;none&#8221; column_border_style=&#8221;solid&#8221;][vc_column_text]En esta p\u00e1gina se describen los modos de gesti\u00f3n del sitio con relaci\u00f3n al tratamiento de los datos personales de los usuarios que lo consultan.<\/p>\n<p>Se trata de la nota informativa disponible de conformidad con el 13 del Reglamento Europeo 2016\/679 a quienes interact\u00faan con los servicios web de la empresa.<\/p>\n<p>La nota informativa est\u00e1 disponible solo para el presente sitio y no para otros sitios web eventualmente consultados por el usuario a trav\u00e9s del enlace.<\/p>\n<p>La nota informativa identifica algunos requisitos m\u00ednimos para la recogida de datos personales on-line, y, en particular, las modalidades, los tiempos y la\u00a0 naturaleza de los datos que los responsables del tratamiento deben proporcionar a los usuarios cuando los mismos se conectan a p\u00e1ginas web, independientemente de las finalidades de la conexi\u00f3n.[\/vc_column_text][divider line_type=&#8221;No Line&#8221; custom_height=&#8221;2vh&#8221;][vc_column_text]\n<h5><strong>EL \u201cRESPONSABLE\u201d DEL TRATAMIENTO<\/strong><\/h5>\n<p>A continuaci\u00f3n de la consulta de este sitio pueden ser tratados los datos relativos a personas identificadas o identificables.<\/p>\n<p>El \u201ctitular\u201d de su tratamiento es Calpeda S.p.A., en la persona del representante legal pro tempore.<\/p>\n<h5><strong>LUGAR DE TRATAMIENTO DE LOS DATOS<\/strong><\/h5>\n<p>El tratamiento vinculado con los servicios web de este sitio tiene principalmente lugar en la sede social y est\u00e1 administrado por personal interno autorizado, o bien por eventuales encargados externos para desarrollar operaciones ocasionales de mantenimiento.<\/p>\n<p>No se difunde ning\u00fan dato que deriva del servicio web.<\/p>\n<p>Los datos personales suministrados por los usuarios que requieren solicitudes de env\u00edo de material informativo (folletos, Cd-rom, cat\u00e1logos, listas de precios, respuestas a dudas, actos varios, etc.) se usan solo con la finalidad de realizar el servicio o la prestaci\u00f3n solicitada.<\/p>\n<p>Las eventuales actividades de marketing se implementan solo despu\u00e9s de haber obtenido el consentimiento correspondiente del interesado.<\/p>\n<h5><strong>TIPOS DE DATOS TRATADOS<\/strong><\/h5>\n<p><em>Datos de navegaci\u00f3n<\/em><\/p>\n<p>Los sistemas inform\u00e1ticos y los procedimientos software encargados del funcionamiento de este sitio web adquieren, durante el curso de su normal ejercicio, algunos datos personales cuya transmisi\u00f3n est\u00e1 impl\u00edcita en el uso de los protocolos de comunicaci\u00f3n de Internet.<\/p>\n<p>Se trata de informaci\u00f3n que no est\u00e1 recogida para ser asociada a interesados identificados, sino que por su naturaleza podr\u00eda, mediante elaboraci\u00f3n y asociaci\u00f3n con datos propiedad de terceros, permitir identificar a los usuarios.<\/p>\n<p>En esta categor\u00eda de datos est\u00e1n comprendidos las direcciones IP o los nombres de dominio de los ordenadores empleados por los usuarios que se conectan al sitio, las direcciones en designaciones URI (Uniform Resource Identifier) de los recursos solicitados, el horario de la solicitud, el m\u00e9todo usado para someter el pedido al servidor, la dimensi\u00f3n del archivo que se obtiene de la respuesta, el c\u00f3digo num\u00e9rico que indica el estado de la respuesta brindada por el servidor (respuesta correcta, error, etc.) y otros par\u00e1metros relativos al sistema operativo y al entorno inform\u00e1tico del usuario.<\/p>\n<p>Estos datos se usan solo con la finalidad de obtener informaci\u00f3n estad\u00edstica an\u00f3nima o a\u00f1adida sobre el uso del sitio y para controlar el correcto funcionamiento y se cancelan inmediatamente despu\u00e9s de la elaboraci\u00f3n. Los datos podr\u00edan ser utilizados para la constataci\u00f3n de la responsabilidad en caso de delitos inform\u00e1ticos hipot\u00e9ticos en perjuicio del sitio.<\/p>\n<p><em>Datos proporcionados voluntariamente por el usuario<\/em><\/p>\n<p>El env\u00edo opcional, expl\u00edcito y voluntario de correo electr\u00f3nico a las direcciones indicadas en este sitio implica la sucesiva adquisici\u00f3n de la direcci\u00f3n del remitente, necesaria para responder a las solicitudes, as\u00ed como de otros posibles datos personales introducidos en la misiva.<\/p>\n<p>Las especificaciones informativas estructuradas y ampliadas se indicar\u00e1n progresivamente y se visualizar\u00e1n en las p\u00e1ginas del sitio predispuestas para determinados servicios a pedido.<\/p>\n<h5><strong>USO DE COOKIES<\/strong><\/h5>\n<p>Con relaci\u00f3n a las modalidades de uso de las cookies, consultar la \u201cnota informativa ampliada\u201d publicada en el presente sitio, la cual integra y completa el presente documento.<\/p>\n<p>De todos modos, se especifica tambi\u00e9n en esta fase que las eventuales \u201ccookies de creaci\u00f3n de perfil\u201d se utilizan solo despu\u00e9s de haber obtenido el consentimiento espec\u00edfico del usuario, como lo exigen las normativas vigentes.<\/p>\n<h5>\n<strong>OPCI\u00d3N DEL SUMINISTRO DE LOS DATOS<\/strong><\/h5>\n<p>Adem\u00e1s de lo especificado para los datos de navegaci\u00f3n, el usuario es libre o no de suministrar los datos personales.<\/p>\n<p>La falta de autorizaci\u00f3n puede implicar la imposibilidad de obtener lo solicitado.<\/p>\n<h5><strong>MODALIDAD DEL TRATAMIENTO<\/strong><\/h5>\n<p>Los datos personales son tratados durante el tiempo estrictamente necesario para la consecuci\u00f3n de la finalidad para los que han sido recogidos.<br \/>\nSe respetan medidas espec\u00edficas de seguridad para prevenir la p\u00e9rdida de los datos, usos ilegales o no correctos y accesos no autorizados.<\/p>\n<h5><strong>TRANSFERENCIA A PA\u00cdSES TERCEROS<\/strong><\/h5>\n<p>Las eventuales transferencias de datos personales a un tercer pa\u00eds fuera de la Uni\u00f3n Europea o a una organizaci\u00f3n internacional tendr\u00e1n lugar sobre la base de una decisi\u00f3n de adecuaci\u00f3n de la Comisi\u00f3n o, en el caso de las transferencias en virtud de los art\u00edculos 46, 47 o 49, apartado segundo, del Reglamento<br \/>\nEuropeo, sobre la base de garant\u00edas apropiadas y adecuadas.<\/p>\n<h5><strong>DERECHOS DE LOS INTERESADOS<\/strong><\/h5>\n<p>Los sujetos a los que se refieren los datos personales tienen el derecho, en cualquier momento, de solicitar el acceso a los datos y su rectificaci\u00f3n, la cancelaci\u00f3n de los mismos, la limitaci\u00f3n del tratamiento, el derecho a oponerse a su tratamiento, adem\u00e1s del derecho a la portabilidad de los datos; adem\u00e1s tienen el derecho a presentar reclamaci\u00f3n a la Autoridad de control.<\/p>\n<p>Las solicitudes se deben dirigir al Responsable del tratamiento o al Encargado de la protecci\u00f3n de los datos, situado en la sociedad Winger S.r.l., con sede en Reggio Emilia, Via Piccard n. 16\/G, tel.0522\/30.11.69, fax 0522\/38.79.96.<\/p>\n<p>La presente constituye la \u201cPol\u00edtica de Privacidad\u201d de este sitio que estar\u00e1 sujeta a actualizaciones.<\/p>\n<p>Montorso Vicentino (VI) \u2013 11\/10\/2023[\/vc_column_text][\/vc_column][\/vc_row]\n","protected":false},"excerpt":{"rendered":"<p>[vc_row type=&#8221;in_container&#8221; full_screen_row_position=&#8221;middle&#8221; column_margin=&#8221;default&#8221; column_direction=&#8221;default&#8221; column_direction_tablet=&#8221;default&#8221; column_direction_phone=&#8221;default&#8221; scene_position=&#8221;center&#8221; top_padding=&#8221;2%&#8221; text_color=&#8221;dark&#8221; text_align=&#8221;left&#8221; row_border_radius=&#8221;none&#8221; row_border_radius_applies=&#8221;bg&#8221; overflow=&#8221;visible&#8221; overlay_strength=&#8221;0.3&#8243; gradient_direction=&#8221;left_to_right&#8221; shape_divider_position=&#8221;bottom&#8221; bg_image_animation=&#8221;none&#8221; gradient_type=&#8221;default&#8221; shape_type=&#8221;&#8221;][vc_column column_padding=&#8221;no-extra-padding&#8221; column_padding_tablet=&#8221;inherit&#8221; column_padding_phone=&#8221;inherit&#8221; column_padding_position=&#8221;all&#8221; column_element_direction_desktop=&#8221;default&#8221; column_element_spacing=&#8221;default&#8221; desktop_text_alignment=&#8221;default&#8221; tablet_text_alignment=&#8221;default&#8221; phone_text_alignment=&#8221;default&#8221; sticky_content=&#8221;true&#8221;&#8230;<\/p>\n","protected":false},"author":4,"featured_media":0,"parent":0,"menu_order":0,"comment_status":"closed","ping_status":"closed","template":"","meta":{"footnotes":""},"class_list":["post-29459","page","type-page","status-publish"],"yoast_head":"<!-- This site is optimized with the Yoast SEO plugin v27.6 - https:\/\/yoast.com\/product\/yoast-seo-wordpress\/ -->\n<title>Pol\u00edtica de privacidad - Calpeda<\/title>\n<meta name=\"robots\" content=\"index, follow, max-snippet:-1, max-image-preview:large, max-video-preview:-1\" \/>\n<link rel=\"canonical\" href=\"https:\/\/www.calpeda.com\/es-es\/politica-de-privacidad\/\" \/>\n<meta property=\"og:locale\" content=\"es_ES\" \/>\n<meta property=\"og:type\" content=\"article\" \/>\n<meta property=\"og:title\" content=\"Pol\u00edtica de privacidad - Calpeda\" \/>\n<meta property=\"og:description\" content=\"[vc_row type=&#8221;in_container&#8221; full_screen_row_position=&#8221;middle&#8221; column_margin=&#8221;default&#8221; column_direction=&#8221;default&#8221; column_direction_tablet=&#8221;default&#8221; column_direction_phone=&#8221;default&#8221; scene_position=&#8221;center&#8221; top_padding=&#8221;2%&#8221; text_color=&#8221;dark&#8221; text_align=&#8221;left&#8221; row_border_radius=&#8221;none&#8221; row_border_radius_applies=&#8221;bg&#8221; overflow=&#8221;visible&#8221; overlay_strength=&#8221;0.3&#8243; gradient_direction=&#8221;left_to_right&#8221; shape_divider_position=&#8221;bottom&#8221; bg_image_animation=&#8221;none&#8221; gradient_type=&#8221;default&#8221; shape_type=&#8221;&#8221;][vc_column column_padding=&#8221;no-extra-padding&#8221; column_padding_tablet=&#8221;inherit&#8221; column_padding_phone=&#8221;inherit&#8221; column_padding_position=&#8221;all&#8221; column_element_direction_desktop=&#8221;default&#8221; column_element_spacing=&#8221;default&#8221; desktop_text_alignment=&#8221;default&#8221; tablet_text_alignment=&#8221;default&#8221; phone_text_alignment=&#8221;default&#8221; sticky_content=&#8221;true&#8221;...\" \/>\n<meta property=\"og:url\" content=\"https:\/\/www.calpeda.com\/es-es\/politica-de-privacidad\/\" \/>\n<meta property=\"og:site_name\" content=\"Calpeda\" \/>\n<meta property=\"article:modified_time\" content=\"2024-02-08T14:53:17+00:00\" \/>\n<meta name=\"twitter:card\" content=\"summary_large_image\" \/>\n<meta name=\"twitter:label1\" content=\"Est. reading time\" \/>\n\t<meta name=\"twitter:data1\" content=\"8 minutes\" \/>\n<script type=\"application\/ld+json\" class=\"yoast-schema-graph\">{\"@context\":\"https:\\\/\\\/schema.org\",\"@graph\":[{\"@type\":\"WebPage\",\"@id\":\"https:\\\/\\\/www.calpeda.com\\\/es-es\\\/politica-de-privacidad\\\/\",\"url\":\"https:\\\/\\\/www.calpeda.com\\\/es-es\\\/politica-de-privacidad\\\/\",\"name\":\"Pol\u00edtica de privacidad - Calpeda\",\"isPartOf\":{\"@id\":\"https:\\\/\\\/www.calpeda.com\\\/es-es\\\/#website\"},\"datePublished\":\"2023-12-12T15:13:12+00:00\",\"dateModified\":\"2024-02-08T14:53:17+00:00\",\"breadcrumb\":{\"@id\":\"https:\\\/\\\/www.calpeda.com\\\/es-es\\\/politica-de-privacidad\\\/#breadcrumb\"},\"inLanguage\":\"es\",\"potentialAction\":[{\"@type\":\"ReadAction\",\"target\":[\"https:\\\/\\\/www.calpeda.com\\\/es-es\\\/politica-de-privacidad\\\/\"]}]},{\"@type\":\"BreadcrumbList\",\"@id\":\"https:\\\/\\\/www.calpeda.com\\\/es-es\\\/politica-de-privacidad\\\/#breadcrumb\",\"itemListElement\":[{\"@type\":\"ListItem\",\"position\":1,\"name\":\"Home\",\"item\":\"https:\\\/\\\/www.calpeda.com\\\/es-es\\\/\"},{\"@type\":\"ListItem\",\"position\":2,\"name\":\"Pol\u00edtica de privacidad\"}]},{\"@type\":\"WebSite\",\"@id\":\"https:\\\/\\\/www.calpeda.com\\\/es-es\\\/#website\",\"url\":\"https:\\\/\\\/www.calpeda.com\\\/es-es\\\/\",\"name\":\"Calpeda\",\"description\":\"\",\"publisher\":{\"@id\":\"https:\\\/\\\/www.calpeda.com\\\/es-es\\\/#organization\"},\"potentialAction\":[{\"@type\":\"SearchAction\",\"target\":{\"@type\":\"EntryPoint\",\"urlTemplate\":\"https:\\\/\\\/www.calpeda.com\\\/es-es\\\/?s={search_term_string}\"},\"query-input\":{\"@type\":\"PropertyValueSpecification\",\"valueRequired\":true,\"valueName\":\"search_term_string\"}}],\"inLanguage\":\"es\"},{\"@type\":\"Organization\",\"@id\":\"https:\\\/\\\/www.calpeda.com\\\/es-es\\\/#organization\",\"name\":\"Calpeda\",\"url\":\"https:\\\/\\\/www.calpeda.com\\\/es-es\\\/\",\"logo\":{\"@type\":\"ImageObject\",\"inLanguage\":\"es\",\"@id\":\"https:\\\/\\\/www.calpeda.com\\\/es-es\\\/#\\\/schema\\\/logo\\\/image\\\/\",\"url\":\"https:\\\/\\\/www.calpeda.com\\\/wp-content\\\/uploads\\\/2023\\\/05\\\/calpeda-logo.webp\",\"contentUrl\":\"https:\\\/\\\/www.calpeda.com\\\/wp-content\\\/uploads\\\/2023\\\/05\\\/calpeda-logo.webp\",\"width\":1949,\"height\":399,\"caption\":\"Calpeda\"},\"image\":{\"@id\":\"https:\\\/\\\/www.calpeda.com\\\/es-es\\\/#\\\/schema\\\/logo\\\/image\\\/\"}}]}<\/script>\n<!-- \/ Yoast SEO plugin. -->","yoast_head_json":{"title":"Pol\u00edtica de privacidad - Calpeda","robots":{"index":"index","follow":"follow","max-snippet":"max-snippet:-1","max-image-preview":"max-image-preview:large","max-video-preview":"max-video-preview:-1"},"canonical":"https:\/\/www.calpeda.com\/es-es\/politica-de-privacidad\/","og_locale":"es_ES","og_type":"article","og_title":"Pol\u00edtica de privacidad - Calpeda","og_description":"[vc_row type=&#8221;in_container&#8221; full_screen_row_position=&#8221;middle&#8221; column_margin=&#8221;default&#8221; column_direction=&#8221;default&#8221; column_direction_tablet=&#8221;default&#8221; column_direction_phone=&#8221;default&#8221; scene_position=&#8221;center&#8221; top_padding=&#8221;2%&#8221; text_color=&#8221;dark&#8221; text_align=&#8221;left&#8221; row_border_radius=&#8221;none&#8221; row_border_radius_applies=&#8221;bg&#8221; overflow=&#8221;visible&#8221; overlay_strength=&#8221;0.3&#8243; gradient_direction=&#8221;left_to_right&#8221; shape_divider_position=&#8221;bottom&#8221; bg_image_animation=&#8221;none&#8221; gradient_type=&#8221;default&#8221; shape_type=&#8221;&#8221;][vc_column column_padding=&#8221;no-extra-padding&#8221; column_padding_tablet=&#8221;inherit&#8221; column_padding_phone=&#8221;inherit&#8221; column_padding_position=&#8221;all&#8221; column_element_direction_desktop=&#8221;default&#8221; column_element_spacing=&#8221;default&#8221; desktop_text_alignment=&#8221;default&#8221; tablet_text_alignment=&#8221;default&#8221; phone_text_alignment=&#8221;default&#8221; sticky_content=&#8221;true&#8221;...","og_url":"https:\/\/www.calpeda.com\/es-es\/politica-de-privacidad\/","og_site_name":"Calpeda","article_modified_time":"2024-02-08T14:53:17+00:00","twitter_card":"summary_large_image","twitter_misc":{"Est. reading time":"8 minutes"},"schema":{"@context":"https:\/\/schema.org","@graph":[{"@type":"WebPage","@id":"https:\/\/www.calpeda.com\/es-es\/politica-de-privacidad\/","url":"https:\/\/www.calpeda.com\/es-es\/politica-de-privacidad\/","name":"Pol\u00edtica de privacidad - Calpeda","isPartOf":{"@id":"https:\/\/www.calpeda.com\/es-es\/#website"},"datePublished":"2023-12-12T15:13:12+00:00","dateModified":"2024-02-08T14:53:17+00:00","breadcrumb":{"@id":"https:\/\/www.calpeda.com\/es-es\/politica-de-privacidad\/#breadcrumb"},"inLanguage":"es","potentialAction":[{"@type":"ReadAction","target":["https:\/\/www.calpeda.com\/es-es\/politica-de-privacidad\/"]}]},{"@type":"BreadcrumbList","@id":"https:\/\/www.calpeda.com\/es-es\/politica-de-privacidad\/#breadcrumb","itemListElement":[{"@type":"ListItem","position":1,"name":"Home","item":"https:\/\/www.calpeda.com\/es-es\/"},{"@type":"ListItem","position":2,"name":"Pol\u00edtica de privacidad"}]},{"@type":"WebSite","@id":"https:\/\/www.calpeda.com\/es-es\/#website","url":"https:\/\/www.calpeda.com\/es-es\/","name":"Calpeda","description":"","publisher":{"@id":"https:\/\/www.calpeda.com\/es-es\/#organization"},"potentialAction":[{"@type":"SearchAction","target":{"@type":"EntryPoint","urlTemplate":"https:\/\/www.calpeda.com\/es-es\/?s={search_term_string}"},"query-input":{"@type":"PropertyValueSpecification","valueRequired":true,"valueName":"search_term_string"}}],"inLanguage":"es"},{"@type":"Organization","@id":"https:\/\/www.calpeda.com\/es-es\/#organization","name":"Calpeda","url":"https:\/\/www.calpeda.com\/es-es\/","logo":{"@type":"ImageObject","inLanguage":"es","@id":"https:\/\/www.calpeda.com\/es-es\/#\/schema\/logo\/image\/","url":"https:\/\/www.calpeda.com\/wp-content\/uploads\/2023\/05\/calpeda-logo.webp","contentUrl":"https:\/\/www.calpeda.com\/wp-content\/uploads\/2023\/05\/calpeda-logo.webp","width":1949,"height":399,"caption":"Calpeda"},"image":{"@id":"https:\/\/www.calpeda.com\/es-es\/#\/schema\/logo\/image\/"}}]}},"_links":{"self":[{"href":"https:\/\/www.calpeda.com\/es-es\/wp-json\/wp\/v2\/pages\/29459","targetHints":{"allow":["GET"]}}],"collection":[{"href":"https:\/\/www.calpeda.com\/es-es\/wp-json\/wp\/v2\/pages"}],"about":[{"href":"https:\/\/www.calpeda.com\/es-es\/wp-json\/wp\/v2\/types\/page"}],"author":[{"embeddable":true,"href":"https:\/\/www.calpeda.com\/es-es\/wp-json\/wp\/v2\/users\/4"}],"replies":[{"embeddable":true,"href":"https:\/\/www.calpeda.com\/es-es\/wp-json\/wp\/v2\/comments?post=29459"}],"version-history":[{"count":0,"href":"https:\/\/www.calpeda.com\/es-es\/wp-json\/wp\/v2\/pages\/29459\/revisions"}],"wp:attachment":[{"href":"https:\/\/www.calpeda.com\/es-es\/wp-json\/wp\/v2\/media?parent=29459"}],"curies":[{"name":"wp","href":"https:\/\/api.w.org\/{rel}","templated":true}]}}