{"id":20976,"date":"2023-12-12T15:04:49","date_gmt":"2023-12-12T15:04:49","guid":{"rendered":"https:\/\/www.calpeda.com\/informacion-y-consentimiento-para-el-plan-de-estudios\/"},"modified":"2023-12-13T11:02:36","modified_gmt":"2023-12-13T11:02:36","slug":"informacion-y-consentimiento-para-el-plan-de-estudios","status":"publish","type":"page","link":"https:\/\/www.calpeda.com\/es\/informacion-y-consentimiento-para-el-plan-de-estudios\/","title":{"rendered":"Informaci\u00f3n y consentimiento para el plan de estudios."},"content":{"rendered":"[vc_row type=\u00bbin_container\u00bb full_screen_row_position=\u00bbmiddle\u00bb column_margin=\u00bbdefault\u00bb column_direction=\u00bbdefault\u00bb column_direction_tablet=\u00bbdefault\u00bb column_direction_phone=\u00bbdefault\u00bb scene_position=\u00bbcenter\u00bb top_padding=\u00bb2%\u00bb text_color=\u00bbdark\u00bb text_align=\u00bbleft\u00bb row_border_radius=\u00bbnone\u00bb row_border_radius_applies=\u00bbbg\u00bb overflow=\u00bbvisible\u00bb overlay_strength=\u00bb0.3&#8243; gradient_direction=\u00bbleft_to_right\u00bb shape_divider_position=\u00bbbottom\u00bb bg_image_animation=\u00bbnone\u00bb gradient_type=\u00bbdefault\u00bb shape_type=\u00bb\u00bb][vc_column column_padding=\u00bbno-extra-padding\u00bb column_padding_tablet=\u00bbinherit\u00bb column_padding_phone=\u00bbinherit\u00bb column_padding_position=\u00bball\u00bb column_element_direction_desktop=\u00bbdefault\u00bb column_element_spacing=\u00bbdefault\u00bb desktop_text_alignment=\u00bbdefault\u00bb tablet_text_alignment=\u00bbdefault\u00bb phone_text_alignment=\u00bbdefault\u00bb background_color_opacity=\u00bb1&#8243; background_hover_color_opacity=\u00bb1&#8243; column_backdrop_filter=\u00bbnone\u00bb column_shadow=\u00bbnone\u00bb column_border_radius=\u00bbnone\u00bb column_link_target=\u00bb_self\u00bb column_position=\u00bbdefault\u00bb gradient_direction=\u00bbleft_to_right\u00bb overlay_strength=\u00bb0.3&#8243; width=\u00bb1\/4&#8243; tablet_width_inherit=\u00bbdefault\u00bb animation_type=\u00bbdefault\u00bb bg_image_animation=\u00bbnone\u00bb border_type=\u00bbsimple\u00bb column_border_width=\u00bbnone\u00bb column_border_style=\u00bbsolid\u00bb][\/vc_column][vc_column column_padding=\u00bbno-extra-padding\u00bb column_padding_tablet=\u00bbinherit\u00bb column_padding_phone=\u00bbinherit\u00bb column_padding_position=\u00bball\u00bb column_element_direction_desktop=\u00bbdefault\u00bb column_element_spacing=\u00bbdefault\u00bb desktop_text_alignment=\u00bbdefault\u00bb tablet_text_alignment=\u00bbdefault\u00bb phone_text_alignment=\u00bbdefault\u00bb background_color_opacity=\u00bb1&#8243; background_hover_color_opacity=\u00bb1&#8243; column_backdrop_filter=\u00bbnone\u00bb column_shadow=\u00bbnone\u00bb column_border_radius=\u00bbnone\u00bb column_link_target=\u00bb_self\u00bb column_position=\u00bbdefault\u00bb gradient_direction=\u00bbleft_to_right\u00bb overlay_strength=\u00bb0.3&#8243; width=\u00bb1\/2&#8243; tablet_width_inherit=\u00bbdefault\u00bb animation_type=\u00bbdefault\u00bb bg_image_animation=\u00bbnone\u00bb border_type=\u00bbsimple\u00bb column_border_width=\u00bbnone\u00bb column_border_style=\u00bbsolid\u00bb][nectar_highlighted_text color_type=\u00bbregular\u00bb style=\u00bbfull_text\u00bb highlight_expansion=\u00bbdefault\u00bb custom_font_size=\u00bb42px\u00bb]\n<h1><b>Informaci\u00f3n y consentimiento para el plan de estudios.<\/b><\/h1>\n[\/nectar_highlighted_text][vc_column_text]<b>Asunto: Nota informativa seg\u00fan el art. 13 del Reglamento Europeo 2016\/679,<br \/>\npublicada por Calpeda S.p.A. al candidato que presenta el curr\u00edculum a trav\u00e9s del sitio web<\/b>[\/vc_column_text][\/vc_column][vc_column column_padding=\u00bbno-extra-padding\u00bb column_padding_tablet=\u00bbinherit\u00bb column_padding_phone=\u00bbinherit\u00bb column_padding_position=\u00bball\u00bb column_element_direction_desktop=\u00bbdefault\u00bb column_element_spacing=\u00bbdefault\u00bb desktop_text_alignment=\u00bbdefault\u00bb tablet_text_alignment=\u00bbdefault\u00bb phone_text_alignment=\u00bbdefault\u00bb background_color_opacity=\u00bb1&#8243; background_hover_color_opacity=\u00bb1&#8243; column_backdrop_filter=\u00bbnone\u00bb column_shadow=\u00bbnone\u00bb column_border_radius=\u00bbnone\u00bb column_link_target=\u00bb_self\u00bb column_position=\u00bbdefault\u00bb gradient_direction=\u00bbleft_to_right\u00bb overlay_strength=\u00bb0.3&#8243; width=\u00bb1\/4&#8243; tablet_width_inherit=\u00bbdefault\u00bb animation_type=\u00bbdefault\u00bb bg_image_animation=\u00bbnone\u00bb border_type=\u00bbsimple\u00bb column_border_width=\u00bbnone\u00bb column_border_style=\u00bbsolid\u00bb][\/vc_column][\/vc_row][vc_row type=\u00bbin_container\u00bb full_screen_row_position=\u00bbmiddle\u00bb column_margin=\u00bbdefault\u00bb column_direction=\u00bbdefault\u00bb column_direction_tablet=\u00bbdefault\u00bb column_direction_phone=\u00bbdefault\u00bb scene_position=\u00bbcenter\u00bb text_color=\u00bbdark\u00bb text_align=\u00bbleft\u00bb row_border_radius=\u00bbnone\u00bb row_border_radius_applies=\u00bbbg\u00bb overflow=\u00bbvisible\u00bb overlay_strength=\u00bb0.3&#8243; gradient_direction=\u00bbleft_to_right\u00bb shape_divider_position=\u00bbbottom\u00bb bg_image_animation=\u00bbnone\u00bb gradient_type=\u00bbdefault\u00bb shape_type=\u00bb\u00bb][vc_column column_padding=\u00bbno-extra-padding\u00bb column_padding_tablet=\u00bbinherit\u00bb column_padding_phone=\u00bbinherit\u00bb column_padding_position=\u00bball\u00bb column_element_direction_desktop=\u00bbdefault\u00bb column_element_spacing=\u00bbdefault\u00bb desktop_text_alignment=\u00bbdefault\u00bb tablet_text_alignment=\u00bbdefault\u00bb phone_text_alignment=\u00bbdefault\u00bb background_color_opacity=\u00bb1&#8243; background_hover_color_opacity=\u00bb1&#8243; column_backdrop_filter=\u00bbnone\u00bb column_shadow=\u00bbnone\u00bb column_border_radius=\u00bbnone\u00bb column_link_target=\u00bb_self\u00bb column_position=\u00bbdefault\u00bb gradient_direction=\u00bbleft_to_right\u00bb overlay_strength=\u00bb0.3&#8243; width=\u00bb1\/4&#8243; tablet_width_inherit=\u00bbdefault\u00bb animation_type=\u00bbdefault\u00bb bg_image_animation=\u00bbnone\u00bb border_type=\u00bbsimple\u00bb column_border_width=\u00bbnone\u00bb column_border_style=\u00bbsolid\u00bb][\/vc_column][vc_column column_padding=\u00bbno-extra-padding\u00bb column_padding_tablet=\u00bbinherit\u00bb column_padding_phone=\u00bbinherit\u00bb column_padding_position=\u00bball\u00bb column_element_direction_desktop=\u00bbdefault\u00bb column_element_spacing=\u00bbdefault\u00bb desktop_text_alignment=\u00bbdefault\u00bb tablet_text_alignment=\u00bbdefault\u00bb phone_text_alignment=\u00bbdefault\u00bb background_color_opacity=\u00bb1&#8243; background_hover_color_opacity=\u00bb1&#8243; column_backdrop_filter=\u00bbnone\u00bb column_shadow=\u00bbnone\u00bb column_border_radius=\u00bbnone\u00bb column_link_target=\u00bb_self\u00bb column_position=\u00bbdefault\u00bb gradient_direction=\u00bbleft_to_right\u00bb overlay_strength=\u00bb0.3&#8243; width=\u00bb1\/2&#8243; tablet_width_inherit=\u00bbdefault\u00bb animation_type=\u00bbdefault\u00bb bg_image_animation=\u00bbnone\u00bb border_type=\u00bbsimple\u00bb column_border_width=\u00bbnone\u00bb column_border_style=\u00bbsolid\u00bb][vc_column_text]La presente nota informativa se ha redactado y publicado seg\u00fan el art. 13 del Reglamento Europeo 2016\/679 (en adelante denominado tambi\u00e9n Reglamento Europeo), que ha introducido importantes novedades normativas en tema de protecci\u00f3n de los datos personales.<\/p>\n<p>Por tanto, la presente nota informativa, actualiza y sustituye las posibles versiones anteriores publicadas antes de la fecha.<\/p>\n<p>Considerado lo anterior, se debe tener en cuenta que:<\/p>\n<p>1) tras la recepci\u00f3n de su curr\u00edculum, nuestra sociedad deber\u00e1 recoger y tratar sus datos personales;<\/p>\n<p>2) para mayor claridad, le informamos de las siguientes definiciones establecidas por el propio Reglamento Europeo:<\/p>\n<p><strong>\u00a0<\/strong><\/p>\n<p><strong>Datos personales:<\/strong> toda informaci\u00f3n sobre una persona f\u00edsica identificada o identificable (\u00abel interesado\u00bb); se considerar\u00e1 persona f\u00edsica identificable toda persona cuya identidad pueda determinarse, directa o indirectamente, en particular mediante un identificador, como por ejemplo un nombre, un n\u00famero de identificaci\u00f3n, datos de localizaci\u00f3n, un identificador en l\u00ednea o uno o varios elementos propios de la identidad f\u00edsica, fisiol\u00f3gica, gen\u00e9tica, ps\u00edquica, econ\u00f3mica, cultural o social de dicha persona;<\/p>\n<p><strong>Tratamiento:<\/strong> cualquier operaci\u00f3n o conjunto de operaciones realizadas sobre datos personales o conjuntos de datos personales, ya sea por procedimientos automatizados o no, como la recogida, registro, organizaci\u00f3n, estructuraci\u00f3n, conservaci\u00f3n, adaptaci\u00f3n o modificaci\u00f3n, extracci\u00f3n, consulta, utilizaci\u00f3n, comunicaci\u00f3n por transmisi\u00f3n, difusi\u00f3n o cualquier otra forma de habilitaci\u00f3n de acceso, cotejo o interconexi\u00f3n, limitaci\u00f3n, eliminaci\u00f3n o destrucci\u00f3n.<\/p>\n<p>En vigor del art. 13 del Reglamento Europeo 2016\/679, por tanto,<\/p>\n<p><strong>le informamos<\/strong><\/p>\n<p>de que la recogida y el tratamiento de los datos personales ser\u00e1n realizados en conformidad con lo siguiente:<\/p>\n<ol>\n<li><strong>finalidad:<\/strong> los datos ser\u00e1n tratados para: efectuar las selecciones, entrevistas informativas, redacci\u00f3n de perfiles de aptitudes y similares; el correcto desarrollo de las obligaciones burocr\u00e1ticas y administrativas y para las actividades empresariales en general, destinadas a una posible contrataci\u00f3n; la extracci\u00f3n de informaci\u00f3n y comparaci\u00f3n con los perfiles de otros candidatos; el env\u00edo de correspondencia;<\/li>\n<li><strong>modalidades:<\/strong> los datos se tratar\u00e1n tanto con instrumentos\/soportes de papel como electr\u00f3nicos\/inform\u00e1ticos\/telem\u00e1ticos, en pleno respeto de la ley, seg\u00fan los principios de licitud y lealtad y de forma que se proteja su confidencialidad;<\/li>\n<li><strong>cesi\u00f3n facultativa:<\/strong> la cesi\u00f3n de los datos es facultativa y no obligatoria;<\/li>\n<li><strong>consecuencias de una eventual negativa:<\/strong> la negativa a proporcionar los datos o a permitir su tratamiento, despu\u00e9s de recibir la presente nota informativa, implicar\u00e1 de todos modos la imposibilidad, a pesar nuestro, de instaurar y\/o continuar toda relaci\u00f3n de cualquier tipo con usted;<\/li>\n<li><strong>sujetos o categor\u00edas de sujetos (destinatarios) a quienes se pueden comunicar o difundir los datos:<\/strong> los datos pueden ser comunicados a terceros para cumplir con las obligaciones legales o contractuales y para satisfacer sus exigencias; los datos no se difundir\u00e1n en ning\u00fan caso;<\/li>\n<li><strong>personas autorizadas al tratamiento:<\/strong> los datos ser\u00e1n tratados por los encargados del departamento de selecci\u00f3n del personal y del sector administrativo y de pagos, espec\u00edficamente autorizados;<\/li>\n<li><strong>decisiones automatizadas (por ejemplo, elaboraci\u00f3n de perfiles): <\/strong>las decisiones automatizadas no se gestionan de ninguna manera;<\/li>\n<li><strong>derechos del interesado:<\/strong> tiene todos los derechos consagrados en el Reglamento Europeo, como el derecho a solicitar el acceso y la rectificaci\u00f3n de sus datos personales, la supresi\u00f3n de sus datos personales, la limitaci\u00f3n del tratamiento, el derecho a oponerse al tratamiento, as\u00ed como el derecho a la portabilidad de los datos. Tambi\u00e9n tiene derecho a presentar una reclamaci\u00f3n ante la Autoridad de Control;<\/li>\n<li><strong>transferencias a terceros pa\u00edses: <\/strong>cualquier transferencia de datos personales a un tercer pa\u00eds fuera de la Uni\u00f3n Europea o a una organizaci\u00f3n internacional tendr\u00e1 lugar sobre la base de una decisi\u00f3n de adecuaci\u00f3n de la Comisi\u00f3n o, en el caso de las transferencias en virtud de los art\u00edculos 46, 47 o 49, p\u00e1rrafo segundo, del Reglamento europeo, sobre la base de garant\u00edas apropiadas y adecuadas;<\/li>\n<li><strong>plazo de conservaci\u00f3n de los datos: <\/strong>los datos se conservar\u00e1n durante el plazo de tiempo estrictamente necesario para atender las solicitudes del interesado o de acuerdo con lo establecido en la normativa vigente o en las posibles cl\u00e1usulas contractuales;<\/li>\n<li><strong>responsable:<\/strong> el responsable del tratamiento es Calpeda S.p.A., con domicilio social en Montorso Vicentino (VI), Via Roggia di Mezzo n. 39, en la persona de su representante legal pro tempore;<\/li>\n<li><strong>delegado de protecci\u00f3n de datos\/data protection officer:<\/strong> el delegado de protecci\u00f3n de datos es la sociedad Winger S.r.l. con domicilio en Reggio Emilia, Via Piccard 16\/G, Italia, tel. +390522\/30.11.69, fax +390522\/38.79.96: cualquier solicitud de aclaraci\u00f3n o informaci\u00f3n puede dirigirse a este delegado.<\/li>\n<\/ol>\n<p>La presente informativa podr\u00e1 ser integrada, en forma oral o por escrito, con ulteriores elementos e indicaciones, para satisfacer lo mejor posible cualquier exigencia de conocimiento en materia de \u201cPrivacidad\u201d y para satisfacer la evoluci\u00f3n normativa.<\/p>\n<p>&nbsp;<\/p>\n<p>Fecha: 13\/10\/2023<\/p>\n<p>El responsable del tratamiento \u2013 Calpeda S.p.A.[\/vc_column_text][\/vc_column][vc_column column_padding=\u00bbno-extra-padding\u00bb column_padding_tablet=\u00bbinherit\u00bb column_padding_phone=\u00bbinherit\u00bb column_padding_position=\u00bball\u00bb column_element_direction_desktop=\u00bbdefault\u00bb column_element_spacing=\u00bbdefault\u00bb desktop_text_alignment=\u00bbdefault\u00bb tablet_text_alignment=\u00bbdefault\u00bb phone_text_alignment=\u00bbdefault\u00bb background_color_opacity=\u00bb1&#8243; background_hover_color_opacity=\u00bb1&#8243; column_backdrop_filter=\u00bbnone\u00bb column_shadow=\u00bbnone\u00bb column_border_radius=\u00bbnone\u00bb column_link_target=\u00bb_self\u00bb column_position=\u00bbdefault\u00bb gradient_direction=\u00bbleft_to_right\u00bb overlay_strength=\u00bb0.3&#8243; width=\u00bb1\/4&#8243; tablet_width_inherit=\u00bbdefault\u00bb animation_type=\u00bbdefault\u00bb bg_image_animation=\u00bbnone\u00bb border_type=\u00bbsimple\u00bb column_border_width=\u00bbnone\u00bb column_border_style=\u00bbsolid\u00bb][\/vc_column][\/vc_row]\n","protected":false},"excerpt":{"rendered":"<p>[vc_row type=\u00bbin_container\u00bb full_screen_row_position=\u00bbmiddle\u00bb column_margin=\u00bbdefault\u00bb column_direction=\u00bbdefault\u00bb column_direction_tablet=\u00bbdefault\u00bb column_direction_phone=\u00bbdefault\u00bb scene_position=\u00bbcenter\u00bb top_padding=\u00bb2%\u00bb text_color=\u00bbdark\u00bb text_align=\u00bbleft\u00bb row_border_radius=\u00bbnone\u00bb row_border_radius_applies=\u00bbbg\u00bb overflow=\u00bbvisible\u00bb overlay_strength=\u00bb0.3&#8243; gradient_direction=\u00bbleft_to_right\u00bb shape_divider_position=\u00bbbottom\u00bb bg_image_animation=\u00bbnone\u00bb gradient_type=\u00bbdefault\u00bb shape_type=\u00bb\u00bb][vc_column column_padding=\u00bbno-extra-padding\u00bb column_padding_tablet=\u00bbinherit\u00bb column_padding_phone=\u00bbinherit\u00bb column_padding_position=\u00bball\u00bb column_element_direction_desktop=\u00bbdefault\u00bb column_element_spacing=\u00bbdefault\u00bb desktop_text_alignment=\u00bbdefault\u00bb tablet_text_alignment=\u00bbdefault\u00bb phone_text_alignment=\u00bbdefault\u00bb background_color_opacity=\u00bb1&#8243;&#8230;<\/p>\n","protected":false},"author":4,"featured_media":0,"parent":0,"menu_order":0,"comment_status":"closed","ping_status":"closed","template":"","meta":{"footnotes":""},"class_list":["post-20976","page","type-page","status-publish"],"yoast_head":"<!-- This site is optimized with the Yoast SEO plugin v27.4 - https:\/\/yoast.com\/product\/yoast-seo-wordpress\/ -->\n<title>Informaci\u00f3n y consentimiento para el plan de estudios. - Calpeda<\/title>\n<meta name=\"robots\" content=\"index, follow, max-snippet:-1, max-image-preview:large, max-video-preview:-1\" \/>\n<link rel=\"canonical\" href=\"https:\/\/www.calpeda.com\/es\/informacion-y-consentimiento-para-el-plan-de-estudios\/\" \/>\n<meta property=\"og:locale\" content=\"es_ES\" \/>\n<meta property=\"og:type\" content=\"article\" \/>\n<meta property=\"og:title\" content=\"Informaci\u00f3n y consentimiento para el plan de estudios. - Calpeda\" \/>\n<meta property=\"og:description\" content=\"[vc_row type=\u00bbin_container\u00bb full_screen_row_position=\u00bbmiddle\u00bb column_margin=\u00bbdefault\u00bb column_direction=\u00bbdefault\u00bb column_direction_tablet=\u00bbdefault\u00bb column_direction_phone=\u00bbdefault\u00bb scene_position=\u00bbcenter\u00bb top_padding=\u00bb2%\u00bb text_color=\u00bbdark\u00bb text_align=\u00bbleft\u00bb row_border_radius=\u00bbnone\u00bb row_border_radius_applies=\u00bbbg\u00bb overflow=\u00bbvisible\u00bb overlay_strength=\u00bb0.3&#8243; gradient_direction=\u00bbleft_to_right\u00bb shape_divider_position=\u00bbbottom\u00bb bg_image_animation=\u00bbnone\u00bb gradient_type=\u00bbdefault\u00bb shape_type=\u00bb\u00bb][vc_column column_padding=\u00bbno-extra-padding\u00bb column_padding_tablet=\u00bbinherit\u00bb column_padding_phone=\u00bbinherit\u00bb column_padding_position=\u00bball\u00bb column_element_direction_desktop=\u00bbdefault\u00bb column_element_spacing=\u00bbdefault\u00bb desktop_text_alignment=\u00bbdefault\u00bb tablet_text_alignment=\u00bbdefault\u00bb phone_text_alignment=\u00bbdefault\u00bb background_color_opacity=\u00bb1&#8243;...\" \/>\n<meta property=\"og:url\" content=\"https:\/\/www.calpeda.com\/es\/informacion-y-consentimiento-para-el-plan-de-estudios\/\" \/>\n<meta property=\"og:site_name\" content=\"Calpeda\" \/>\n<meta property=\"article:modified_time\" content=\"2023-12-13T11:02:36+00:00\" \/>\n<meta name=\"twitter:card\" content=\"summary_large_image\" \/>\n<meta name=\"twitter:label1\" content=\"Tiempo de lectura\" \/>\n\t<meta name=\"twitter:data1\" content=\"8 minutos\" \/>\n<script type=\"application\/ld+json\" class=\"yoast-schema-graph\">{\"@context\":\"https:\\\/\\\/schema.org\",\"@graph\":[{\"@type\":\"WebPage\",\"@id\":\"https:\\\/\\\/www.calpeda.com\\\/es\\\/informacion-y-consentimiento-para-el-plan-de-estudios\\\/\",\"url\":\"https:\\\/\\\/www.calpeda.com\\\/es\\\/informacion-y-consentimiento-para-el-plan-de-estudios\\\/\",\"name\":\"Informaci\u00f3n y consentimiento para el plan de estudios. - Calpeda\",\"isPartOf\":{\"@id\":\"https:\\\/\\\/www.calpeda.com\\\/es\\\/#website\"},\"datePublished\":\"2023-12-12T15:04:49+00:00\",\"dateModified\":\"2023-12-13T11:02:36+00:00\",\"breadcrumb\":{\"@id\":\"https:\\\/\\\/www.calpeda.com\\\/es\\\/informacion-y-consentimiento-para-el-plan-de-estudios\\\/#breadcrumb\"},\"inLanguage\":\"es\",\"potentialAction\":[{\"@type\":\"ReadAction\",\"target\":[\"https:\\\/\\\/www.calpeda.com\\\/es\\\/informacion-y-consentimiento-para-el-plan-de-estudios\\\/\"]}]},{\"@type\":\"BreadcrumbList\",\"@id\":\"https:\\\/\\\/www.calpeda.com\\\/es\\\/informacion-y-consentimiento-para-el-plan-de-estudios\\\/#breadcrumb\",\"itemListElement\":[{\"@type\":\"ListItem\",\"position\":1,\"name\":\"Home\",\"item\":\"https:\\\/\\\/www.calpeda.com\\\/es\\\/\"},{\"@type\":\"ListItem\",\"position\":2,\"name\":\"Informaci\u00f3n y consentimiento para el plan de estudios.\"}]},{\"@type\":\"WebSite\",\"@id\":\"https:\\\/\\\/www.calpeda.com\\\/es\\\/#website\",\"url\":\"https:\\\/\\\/www.calpeda.com\\\/es\\\/\",\"name\":\"Calpeda\",\"description\":\"\",\"publisher\":{\"@id\":\"https:\\\/\\\/www.calpeda.com\\\/es\\\/#organization\"},\"potentialAction\":[{\"@type\":\"SearchAction\",\"target\":{\"@type\":\"EntryPoint\",\"urlTemplate\":\"https:\\\/\\\/www.calpeda.com\\\/es\\\/?s={search_term_string}\"},\"query-input\":{\"@type\":\"PropertyValueSpecification\",\"valueRequired\":true,\"valueName\":\"search_term_string\"}}],\"inLanguage\":\"es\"},{\"@type\":\"Organization\",\"@id\":\"https:\\\/\\\/www.calpeda.com\\\/es\\\/#organization\",\"name\":\"Calpeda\",\"url\":\"https:\\\/\\\/www.calpeda.com\\\/es\\\/\",\"logo\":{\"@type\":\"ImageObject\",\"inLanguage\":\"es\",\"@id\":\"https:\\\/\\\/www.calpeda.com\\\/es\\\/#\\\/schema\\\/logo\\\/image\\\/\",\"url\":\"https:\\\/\\\/www.calpeda.com\\\/wp-content\\\/uploads\\\/2023\\\/05\\\/calpeda-logo.webp\",\"contentUrl\":\"https:\\\/\\\/www.calpeda.com\\\/wp-content\\\/uploads\\\/2023\\\/05\\\/calpeda-logo.webp\",\"width\":1949,\"height\":399,\"caption\":\"Calpeda\"},\"image\":{\"@id\":\"https:\\\/\\\/www.calpeda.com\\\/es\\\/#\\\/schema\\\/logo\\\/image\\\/\"}}]}<\/script>\n<!-- \/ Yoast SEO plugin. -->","yoast_head_json":{"title":"Informaci\u00f3n y consentimiento para el plan de estudios. - Calpeda","robots":{"index":"index","follow":"follow","max-snippet":"max-snippet:-1","max-image-preview":"max-image-preview:large","max-video-preview":"max-video-preview:-1"},"canonical":"https:\/\/www.calpeda.com\/es\/informacion-y-consentimiento-para-el-plan-de-estudios\/","og_locale":"es_ES","og_type":"article","og_title":"Informaci\u00f3n y consentimiento para el plan de estudios. - Calpeda","og_description":"[vc_row type=\u00bbin_container\u00bb full_screen_row_position=\u00bbmiddle\u00bb column_margin=\u00bbdefault\u00bb column_direction=\u00bbdefault\u00bb column_direction_tablet=\u00bbdefault\u00bb column_direction_phone=\u00bbdefault\u00bb scene_position=\u00bbcenter\u00bb top_padding=\u00bb2%\u00bb text_color=\u00bbdark\u00bb text_align=\u00bbleft\u00bb row_border_radius=\u00bbnone\u00bb row_border_radius_applies=\u00bbbg\u00bb overflow=\u00bbvisible\u00bb overlay_strength=\u00bb0.3&#8243; gradient_direction=\u00bbleft_to_right\u00bb shape_divider_position=\u00bbbottom\u00bb bg_image_animation=\u00bbnone\u00bb gradient_type=\u00bbdefault\u00bb shape_type=\u00bb\u00bb][vc_column column_padding=\u00bbno-extra-padding\u00bb column_padding_tablet=\u00bbinherit\u00bb column_padding_phone=\u00bbinherit\u00bb column_padding_position=\u00bball\u00bb column_element_direction_desktop=\u00bbdefault\u00bb column_element_spacing=\u00bbdefault\u00bb desktop_text_alignment=\u00bbdefault\u00bb tablet_text_alignment=\u00bbdefault\u00bb phone_text_alignment=\u00bbdefault\u00bb background_color_opacity=\u00bb1&#8243;...","og_url":"https:\/\/www.calpeda.com\/es\/informacion-y-consentimiento-para-el-plan-de-estudios\/","og_site_name":"Calpeda","article_modified_time":"2023-12-13T11:02:36+00:00","twitter_card":"summary_large_image","twitter_misc":{"Tiempo de lectura":"8 minutos"},"schema":{"@context":"https:\/\/schema.org","@graph":[{"@type":"WebPage","@id":"https:\/\/www.calpeda.com\/es\/informacion-y-consentimiento-para-el-plan-de-estudios\/","url":"https:\/\/www.calpeda.com\/es\/informacion-y-consentimiento-para-el-plan-de-estudios\/","name":"Informaci\u00f3n y consentimiento para el plan de estudios. - Calpeda","isPartOf":{"@id":"https:\/\/www.calpeda.com\/es\/#website"},"datePublished":"2023-12-12T15:04:49+00:00","dateModified":"2023-12-13T11:02:36+00:00","breadcrumb":{"@id":"https:\/\/www.calpeda.com\/es\/informacion-y-consentimiento-para-el-plan-de-estudios\/#breadcrumb"},"inLanguage":"es","potentialAction":[{"@type":"ReadAction","target":["https:\/\/www.calpeda.com\/es\/informacion-y-consentimiento-para-el-plan-de-estudios\/"]}]},{"@type":"BreadcrumbList","@id":"https:\/\/www.calpeda.com\/es\/informacion-y-consentimiento-para-el-plan-de-estudios\/#breadcrumb","itemListElement":[{"@type":"ListItem","position":1,"name":"Home","item":"https:\/\/www.calpeda.com\/es\/"},{"@type":"ListItem","position":2,"name":"Informaci\u00f3n y consentimiento para el plan de estudios."}]},{"@type":"WebSite","@id":"https:\/\/www.calpeda.com\/es\/#website","url":"https:\/\/www.calpeda.com\/es\/","name":"Calpeda","description":"","publisher":{"@id":"https:\/\/www.calpeda.com\/es\/#organization"},"potentialAction":[{"@type":"SearchAction","target":{"@type":"EntryPoint","urlTemplate":"https:\/\/www.calpeda.com\/es\/?s={search_term_string}"},"query-input":{"@type":"PropertyValueSpecification","valueRequired":true,"valueName":"search_term_string"}}],"inLanguage":"es"},{"@type":"Organization","@id":"https:\/\/www.calpeda.com\/es\/#organization","name":"Calpeda","url":"https:\/\/www.calpeda.com\/es\/","logo":{"@type":"ImageObject","inLanguage":"es","@id":"https:\/\/www.calpeda.com\/es\/#\/schema\/logo\/image\/","url":"https:\/\/www.calpeda.com\/wp-content\/uploads\/2023\/05\/calpeda-logo.webp","contentUrl":"https:\/\/www.calpeda.com\/wp-content\/uploads\/2023\/05\/calpeda-logo.webp","width":1949,"height":399,"caption":"Calpeda"},"image":{"@id":"https:\/\/www.calpeda.com\/es\/#\/schema\/logo\/image\/"}}]}},"_links":{"self":[{"href":"https:\/\/www.calpeda.com\/es\/wp-json\/wp\/v2\/pages\/20976","targetHints":{"allow":["GET"]}}],"collection":[{"href":"https:\/\/www.calpeda.com\/es\/wp-json\/wp\/v2\/pages"}],"about":[{"href":"https:\/\/www.calpeda.com\/es\/wp-json\/wp\/v2\/types\/page"}],"author":[{"embeddable":true,"href":"https:\/\/www.calpeda.com\/es\/wp-json\/wp\/v2\/users\/4"}],"replies":[{"embeddable":true,"href":"https:\/\/www.calpeda.com\/es\/wp-json\/wp\/v2\/comments?post=20976"}],"version-history":[{"count":0,"href":"https:\/\/www.calpeda.com\/es\/wp-json\/wp\/v2\/pages\/20976\/revisions"}],"wp:attachment":[{"href":"https:\/\/www.calpeda.com\/es\/wp-json\/wp\/v2\/media?parent=20976"}],"curies":[{"name":"wp","href":"https:\/\/api.w.org\/{rel}","templated":true}]}}