{"id":21003,"date":"2023-12-12T15:13:12","date_gmt":"2023-12-12T15:13:12","guid":{"rendered":"https:\/\/www.calpeda.com\/politica-de-privacidad\/"},"modified":"2023-12-14T10:34:22","modified_gmt":"2023-12-14T10:34:22","slug":"politica-de-privacidad","status":"publish","type":"page","link":"https:\/\/www.calpeda.com\/es\/politica-de-privacidad\/","title":{"rendered":"Pol\u00edtica de privacidad"},"content":{"rendered":"[vc_row type=\u00bbin_container\u00bb full_screen_row_position=\u00bbmiddle\u00bb column_margin=\u00bbdefault\u00bb column_direction=\u00bbdefault\u00bb column_direction_tablet=\u00bbdefault\u00bb column_direction_phone=\u00bbdefault\u00bb scene_position=\u00bbcenter\u00bb top_padding=\u00bb2%\u00bb text_color=\u00bbdark\u00bb text_align=\u00bbleft\u00bb row_border_radius=\u00bbnone\u00bb row_border_radius_applies=\u00bbbg\u00bb overflow=\u00bbvisible\u00bb overlay_strength=\u00bb0.3&#8243; gradient_direction=\u00bbleft_to_right\u00bb shape_divider_position=\u00bbbottom\u00bb bg_image_animation=\u00bbnone\u00bb gradient_type=\u00bbdefault\u00bb shape_type=\u00bb\u00bb][vc_column column_padding=\u00bbno-extra-padding\u00bb column_padding_tablet=\u00bbinherit\u00bb column_padding_phone=\u00bbinherit\u00bb column_padding_position=\u00bball\u00bb column_element_direction_desktop=\u00bbdefault\u00bb column_element_spacing=\u00bbdefault\u00bb desktop_text_alignment=\u00bbdefault\u00bb tablet_text_alignment=\u00bbdefault\u00bb phone_text_alignment=\u00bbdefault\u00bb sticky_content=\u00bbtrue\u00bb sticky_content_functionality=\u00bbjs\u00bb background_color_opacity=\u00bb1&#8243; background_hover_color_opacity=\u00bb1&#8243; column_backdrop_filter=\u00bbnone\u00bb column_shadow=\u00bbnone\u00bb column_border_radius=\u00bbnone\u00bb column_link_target=\u00bb_self\u00bb column_position=\u00bbdefault\u00bb gradient_direction=\u00bbleft_to_right\u00bb overlay_strength=\u00bb0.3&#8243; width=\u00bb1\/3&#8243; tablet_width_inherit=\u00bbdefault\u00bb animation_type=\u00bbdefault\u00bb bg_image_animation=\u00bbnone\u00bb border_type=\u00bbsimple\u00bb column_border_width=\u00bbnone\u00bb column_border_style=\u00bbsolid\u00bb column_padding_type=\u00bbdefault\u00bb gradient_type=\u00bbdefault\u00bb][nectar_highlighted_text color_type=\u00bbregular\u00bb style=\u00bbfull_text\u00bb highlight_expansion=\u00bbdefault\u00bb custom_font_size=\u00bb42px\u00bb]\n<h1><b>Pol\u00edtica de privacidad para el sitio web<\/b><\/h1>\n[\/nectar_highlighted_text][vc_row_inner column_margin=\u00bbdefault\u00bb column_direction=\u00bbdefault\u00bb column_direction_tablet=\u00bbdefault\u00bb column_direction_phone=\u00bbdefault\u00bb text_align=\u00bbleft\u00bb row_position=\u00bbdefault\u00bb row_position_tablet=\u00bbinherit\u00bb row_position_phone=\u00bbinherit\u00bb overflow=\u00bbvisible\u00bb pointer_events=\u00bball\u00bb][vc_column_inner column_padding=\u00bbno-extra-padding\u00bb column_padding_tablet=\u00bbinherit\u00bb column_padding_phone=\u00bbinherit\u00bb column_padding_position=\u00bball\u00bb column_element_direction_desktop=\u00bbdefault\u00bb column_element_spacing=\u00bbdefault\u00bb desktop_text_alignment=\u00bbdefault\u00bb tablet_text_alignment=\u00bbdefault\u00bb phone_text_alignment=\u00bbdefault\u00bb background_color_opacity=\u00bb1&#8243; background_hover_color_opacity=\u00bb1&#8243; column_backdrop_filter=\u00bbnone\u00bb column_shadow=\u00bbnone\u00bb column_border_radius=\u00bbnone\u00bb column_link_target=\u00bb_self\u00bb overflow=\u00bbvisible\u00bb gradient_direction=\u00bbleft_to_right\u00bb overlay_strength=\u00bb0.3&#8243; width=\u00bb1\/1&#8243; tablet_width_inherit=\u00bbdefault\u00bb animation_type=\u00bbdefault\u00bb bg_image_animation=\u00bbnone\u00bb border_type=\u00bbsimple\u00bb column_border_width=\u00bbnone\u00bb column_border_style=\u00bbsolid\u00bb][nectar_cta btn_style=\u00bbunderline\u00bb heading_tag=\u00bbh6&#8243; button_color=\u00bbdefault\u00bb button_border_thickness=\u00bb0px\u00bb link_type=\u00bbregular\u00bb alignment=\u00bbleft\u00bb alignment_tablet=\u00bbdefault\u00bb alignment_phone=\u00bbdefault\u00bb display=\u00bbblock\u00bb display_tablet=\u00bbinherit\u00bb display_phone=\u00bbinherit\u00bb icon_family=\u00bbnone\u00bb link_text=\u00bbPol\u00edtica de Privacidad para clientes y proveedores\u00bb url=\u00bbhttps:\/\/www.calpeda.com\/es\/politica-de-privacidad-para-clientes-y-proveedores\/\u00bb][nectar_cta btn_style=\u00bbunderline\u00bb heading_tag=\u00bbh6&#8243; button_color=\u00bbdefault\u00bb button_border_thickness=\u00bb0px\u00bb link_type=\u00bbregular\u00bb alignment=\u00bbleft\u00bb alignment_tablet=\u00bbdefault\u00bb alignment_phone=\u00bbdefault\u00bb display=\u00bbblock\u00bb display_tablet=\u00bbinherit\u00bb display_phone=\u00bbinherit\u00bb icon_family=\u00bbnone\u00bb link_text=\u00bbInformation e consents for marketing\u00bb url=\u00bbhttps:\/\/www.calpeda.com\/es\/informacion-y-consentimientos-para-marketing\/\u00bb][nectar_cta btn_style=\u00bbunderline\u00bb heading_tag=\u00bbh6&#8243; button_color=\u00bbdefault\u00bb button_border_thickness=\u00bb0px\u00bb link_type=\u00bbregular\u00bb alignment=\u00bbleft\u00bb alignment_tablet=\u00bbdefault\u00bb alignment_phone=\u00bbdefault\u00bb display=\u00bbblock\u00bb display_tablet=\u00bbinherit\u00bb display_phone=\u00bbinherit\u00bb icon_family=\u00bbnone\u00bb link_text=\u00bbInformation and consent for curriculum\u00bb url=\u00bbhttps:\/\/www.calpeda.com\/es\/informacion-y-consentimiento-para-el-plan-de-estudios\/\u00bb][nectar_cta btn_style=\u00bbunderline\u00bb heading_tag=\u00bbh6&#8243; button_color=\u00bbdefault\u00bb button_border_thickness=\u00bb0px\u00bb link_type=\u00bbregular\u00bb alignment=\u00bbleft\u00bb alignment_tablet=\u00bbdefault\u00bb alignment_phone=\u00bbdefault\u00bb display=\u00bbblock\u00bb display_tablet=\u00bbinherit\u00bb display_phone=\u00bbinherit\u00bb icon_family=\u00bbnone\u00bb link_text=\u00bbCookie Policy\u00bb url=\u00bbhttps:\/\/www.calpeda.com\/es\/cookie-policy\/\u00bb][\/vc_column_inner][\/vc_row_inner][\/vc_column][vc_column column_padding=\u00bbno-extra-padding\u00bb column_padding_tablet=\u00bbinherit\u00bb column_padding_phone=\u00bbinherit\u00bb column_padding_position=\u00bball\u00bb column_element_direction_desktop=\u00bbdefault\u00bb column_element_spacing=\u00bbdefault\u00bb desktop_text_alignment=\u00bbdefault\u00bb tablet_text_alignment=\u00bbdefault\u00bb phone_text_alignment=\u00bbdefault\u00bb background_color_opacity=\u00bb1&#8243; background_hover_color_opacity=\u00bb1&#8243; column_backdrop_filter=\u00bbnone\u00bb column_shadow=\u00bbnone\u00bb column_border_radius=\u00bbnone\u00bb column_link_target=\u00bb_self\u00bb column_position=\u00bbdefault\u00bb gradient_direction=\u00bbleft_to_right\u00bb overlay_strength=\u00bb0.3&#8243; width=\u00bb2\/3&#8243; tablet_width_inherit=\u00bbdefault\u00bb animation_type=\u00bbdefault\u00bb bg_image_animation=\u00bbnone\u00bb border_type=\u00bbsimple\u00bb column_border_width=\u00bbnone\u00bb column_border_style=\u00bbsolid\u00bb][vc_column_text]En esta p\u00e1gina se describen los modos de gesti\u00f3n del sitio con relaci\u00f3n al tratamiento de los datos personales de los usuarios que lo consultan.<\/p>\n<p>Se trata de la nota informativa disponible de conformidad con el 13 del Reglamento Europeo 2016\/679 a quienes interact\u00faan con los servicios web de la empresa.<\/p>\n<p>La nota informativa est\u00e1 disponible solo para el presente sitio y no para otros sitios web eventualmente consultados por el usuario a trav\u00e9s del enlace.<\/p>\n<p>La nota informativa identifica algunos requisitos m\u00ednimos para la recogida de datos personales on-line, y, en particular, las modalidades, los tiempos y la\u00a0 naturaleza de los datos que los responsables del tratamiento deben proporcionar a los usuarios cuando los mismos se conectan a p\u00e1ginas web, independientemente de las finalidades de la conexi\u00f3n.[\/vc_column_text][divider line_type=\u00bbNo Line\u00bb custom_height=\u00bb2vh\u00bb][vc_column_text]\n<h5><strong>EL \u201cRESPONSABLE\u201d DEL TRATAMIENTO<\/strong><\/h5>\n<p>A continuaci\u00f3n de la consulta de este sitio pueden ser tratados los datos relativos a personas identificadas o identificables.<\/p>\n<p>El \u201ctitular\u201d de su tratamiento es Calpeda S.p.A., en la persona del representante legal pro tempore.<\/p>\n<h5><strong>LUGAR DE TRATAMIENTO DE LOS DATOS<\/strong><\/h5>\n<p>El tratamiento vinculado con los servicios web de este sitio tiene principalmente lugar en la sede social y est\u00e1 administrado por personal interno autorizado, o bien por eventuales encargados externos para desarrollar operaciones ocasionales de mantenimiento.<\/p>\n<p>No se difunde ning\u00fan dato que deriva del servicio web.<\/p>\n<p>Los datos personales suministrados por los usuarios que requieren solicitudes de env\u00edo de material informativo (folletos, Cd-rom, cat\u00e1logos, listas de precios, respuestas a dudas, actos varios, etc.) se usan solo con la finalidad de realizar el servicio o la prestaci\u00f3n solicitada.<\/p>\n<p>Las eventuales actividades de marketing se implementan solo despu\u00e9s de haber obtenido el consentimiento correspondiente del interesado.<\/p>\n<h5><strong>TIPOS DE DATOS TRATADOS<\/strong><\/h5>\n<p><em>Datos de navegaci\u00f3n<\/em><\/p>\n<p>Los sistemas inform\u00e1ticos y los procedimientos software encargados del funcionamiento de este sitio web adquieren, durante el curso de su normal ejercicio, algunos datos personales cuya transmisi\u00f3n est\u00e1 impl\u00edcita en el uso de los protocolos de comunicaci\u00f3n de Internet.<\/p>\n<p>Se trata de informaci\u00f3n que no est\u00e1 recogida para ser asociada a interesados identificados, sino que por su naturaleza podr\u00eda, mediante elaboraci\u00f3n y asociaci\u00f3n con datos propiedad de terceros, permitir identificar a los usuarios.<\/p>\n<p>En esta categor\u00eda de datos est\u00e1n comprendidos las direcciones IP o los nombres de dominio de los ordenadores empleados por los usuarios que se conectan al sitio, las direcciones en designaciones URI (Uniform Resource Identifier) de los recursos solicitados, el horario de la solicitud, el m\u00e9todo usado para someter el pedido al servidor, la dimensi\u00f3n del archivo que se obtiene de la respuesta, el c\u00f3digo num\u00e9rico que indica el estado de la respuesta brindada por el servidor (respuesta correcta, error, etc.) y otros par\u00e1metros relativos al sistema operativo y al entorno inform\u00e1tico del usuario.<\/p>\n<p>Estos datos se usan solo con la finalidad de obtener informaci\u00f3n estad\u00edstica an\u00f3nima o a\u00f1adida sobre el uso del sitio y para controlar el correcto funcionamiento y se cancelan inmediatamente despu\u00e9s de la elaboraci\u00f3n. Los datos podr\u00edan ser utilizados para la constataci\u00f3n de la responsabilidad en caso de delitos inform\u00e1ticos hipot\u00e9ticos en perjuicio del sitio.<\/p>\n<p><em>Datos proporcionados voluntariamente por el usuario<\/em><\/p>\n<p>El env\u00edo opcional, expl\u00edcito y voluntario de correo electr\u00f3nico a las direcciones indicadas en este sitio implica la sucesiva adquisici\u00f3n de la direcci\u00f3n del remitente, necesaria para responder a las solicitudes, as\u00ed como de otros posibles datos personales introducidos en la misiva.<\/p>\n<p>Las especificaciones informativas estructuradas y ampliadas se indicar\u00e1n progresivamente y se visualizar\u00e1n en las p\u00e1ginas del sitio predispuestas para determinados servicios a pedido.<\/p>\n<h5><strong>USO DE COOKIES<\/strong><\/h5>\n<p>Con relaci\u00f3n a las modalidades de uso de las cookies, consultar la \u201cnota informativa ampliada\u201d publicada en el presente sitio, la cual integra y completa el presente documento.<\/p>\n<p>De todos modos, se especifica tambi\u00e9n en esta fase que las eventuales \u201ccookies de creaci\u00f3n de perfil\u201d se utilizan solo despu\u00e9s de haber obtenido el consentimiento espec\u00edfico del usuario, como lo exigen las normativas vigentes.<\/p>\n<h5>\n<strong>OPCI\u00d3N DEL SUMINISTRO DE LOS DATOS<\/strong><\/h5>\n<p>Adem\u00e1s de lo especificado para los datos de navegaci\u00f3n, el usuario es libre o no de suministrar los datos personales.<\/p>\n<p>La falta de autorizaci\u00f3n puede implicar la imposibilidad de obtener lo solicitado.<\/p>\n<h5><strong>MODALIDAD DEL TRATAMIENTO<\/strong><\/h5>\n<p>Los datos personales son tratados durante el tiempo estrictamente necesario para la consecuci\u00f3n de la finalidad para los que han sido recogidos.<br \/>\nSe respetan medidas espec\u00edficas de seguridad para prevenir la p\u00e9rdida de los datos, usos ilegales o no correctos y accesos no autorizados.<\/p>\n<h5><strong>TRANSFERENCIA A PA\u00cdSES TERCEROS<\/strong><\/h5>\n<p>Las eventuales transferencias de datos personales a un tercer pa\u00eds fuera de la Uni\u00f3n Europea o a una organizaci\u00f3n internacional tendr\u00e1n lugar sobre la base de una decisi\u00f3n de adecuaci\u00f3n de la Comisi\u00f3n o, en el caso de las transferencias en virtud de los art\u00edculos 46, 47 o 49, apartado segundo, del Reglamento<br \/>\nEuropeo, sobre la base de garant\u00edas apropiadas y adecuadas.<\/p>\n<h5><strong>DERECHOS DE LOS INTERESADOS<\/strong><\/h5>\n<p>Los sujetos a los que se refieren los datos personales tienen el derecho, en cualquier momento, de solicitar el acceso a los datos y su rectificaci\u00f3n, la cancelaci\u00f3n de los mismos, la limitaci\u00f3n del tratamiento, el derecho a oponerse a su tratamiento, adem\u00e1s del derecho a la portabilidad de los datos; adem\u00e1s tienen el derecho a presentar reclamaci\u00f3n a la Autoridad de control.<\/p>\n<p>Las solicitudes se deben dirigir al Responsable del tratamiento o al Encargado de la protecci\u00f3n de los datos, situado en la sociedad Winger S.r.l., con sede en Reggio Emilia, Via Piccard n. 16\/G, tel.0522\/30.11.69, fax 0522\/38.79.96.<\/p>\n<p>La presente constituye la \u201cPol\u00edtica de Privacidad\u201d de este sitio que estar\u00e1 sujeta a actualizaciones.<\/p>\n<p>Montorso Vicentino (VI) \u2013 11\/10\/2023[\/vc_column_text][\/vc_column][\/vc_row]\n","protected":false},"excerpt":{"rendered":"<p>[vc_row type=\u00bbin_container\u00bb full_screen_row_position=\u00bbmiddle\u00bb column_margin=\u00bbdefault\u00bb column_direction=\u00bbdefault\u00bb column_direction_tablet=\u00bbdefault\u00bb column_direction_phone=\u00bbdefault\u00bb scene_position=\u00bbcenter\u00bb top_padding=\u00bb2%\u00bb text_color=\u00bbdark\u00bb text_align=\u00bbleft\u00bb row_border_radius=\u00bbnone\u00bb row_border_radius_applies=\u00bbbg\u00bb overflow=\u00bbvisible\u00bb overlay_strength=\u00bb0.3&#8243; gradient_direction=\u00bbleft_to_right\u00bb shape_divider_position=\u00bbbottom\u00bb bg_image_animation=\u00bbnone\u00bb gradient_type=\u00bbdefault\u00bb shape_type=\u00bb\u00bb][vc_column column_padding=\u00bbno-extra-padding\u00bb column_padding_tablet=\u00bbinherit\u00bb column_padding_phone=\u00bbinherit\u00bb column_padding_position=\u00bball\u00bb column_element_direction_desktop=\u00bbdefault\u00bb column_element_spacing=\u00bbdefault\u00bb desktop_text_alignment=\u00bbdefault\u00bb tablet_text_alignment=\u00bbdefault\u00bb phone_text_alignment=\u00bbdefault\u00bb sticky_content=\u00bbtrue\u00bb&#8230;<\/p>\n","protected":false},"author":4,"featured_media":0,"parent":0,"menu_order":0,"comment_status":"closed","ping_status":"closed","template":"","meta":{"footnotes":""},"class_list":["post-21003","page","type-page","status-publish"],"yoast_head":"<!-- This site is optimized with the Yoast SEO plugin v27.3 - https:\/\/yoast.com\/product\/yoast-seo-wordpress\/ -->\n<title>Pol\u00edtica de privacidad - Calpeda<\/title>\n<meta name=\"robots\" content=\"index, follow, max-snippet:-1, max-image-preview:large, max-video-preview:-1\" \/>\n<link rel=\"canonical\" href=\"https:\/\/www.calpeda.com\/es\/politica-de-privacidad\/\" \/>\n<meta property=\"og:locale\" content=\"es_ES\" \/>\n<meta property=\"og:type\" content=\"article\" \/>\n<meta property=\"og:title\" content=\"Pol\u00edtica de privacidad - Calpeda\" \/>\n<meta property=\"og:description\" content=\"[vc_row type=\u00bbin_container\u00bb full_screen_row_position=\u00bbmiddle\u00bb column_margin=\u00bbdefault\u00bb column_direction=\u00bbdefault\u00bb column_direction_tablet=\u00bbdefault\u00bb column_direction_phone=\u00bbdefault\u00bb scene_position=\u00bbcenter\u00bb top_padding=\u00bb2%\u00bb text_color=\u00bbdark\u00bb text_align=\u00bbleft\u00bb row_border_radius=\u00bbnone\u00bb row_border_radius_applies=\u00bbbg\u00bb overflow=\u00bbvisible\u00bb overlay_strength=\u00bb0.3&#8243; gradient_direction=\u00bbleft_to_right\u00bb shape_divider_position=\u00bbbottom\u00bb bg_image_animation=\u00bbnone\u00bb gradient_type=\u00bbdefault\u00bb shape_type=\u00bb\u00bb][vc_column column_padding=\u00bbno-extra-padding\u00bb column_padding_tablet=\u00bbinherit\u00bb column_padding_phone=\u00bbinherit\u00bb column_padding_position=\u00bball\u00bb column_element_direction_desktop=\u00bbdefault\u00bb column_element_spacing=\u00bbdefault\u00bb desktop_text_alignment=\u00bbdefault\u00bb tablet_text_alignment=\u00bbdefault\u00bb phone_text_alignment=\u00bbdefault\u00bb sticky_content=\u00bbtrue\u00bb...\" \/>\n<meta property=\"og:url\" content=\"https:\/\/www.calpeda.com\/es\/politica-de-privacidad\/\" \/>\n<meta property=\"og:site_name\" content=\"Calpeda\" \/>\n<meta property=\"article:modified_time\" content=\"2023-12-14T10:34:22+00:00\" \/>\n<meta name=\"twitter:card\" content=\"summary_large_image\" \/>\n<meta name=\"twitter:label1\" content=\"Tiempo de lectura\" \/>\n\t<meta name=\"twitter:data1\" content=\"8 minutos\" \/>\n<script type=\"application\/ld+json\" class=\"yoast-schema-graph\">{\"@context\":\"https:\\\/\\\/schema.org\",\"@graph\":[{\"@type\":\"WebPage\",\"@id\":\"https:\\\/\\\/www.calpeda.com\\\/es\\\/politica-de-privacidad\\\/\",\"url\":\"https:\\\/\\\/www.calpeda.com\\\/es\\\/politica-de-privacidad\\\/\",\"name\":\"Pol\u00edtica de privacidad - Calpeda\",\"isPartOf\":{\"@id\":\"https:\\\/\\\/www.calpeda.com\\\/es\\\/#website\"},\"datePublished\":\"2023-12-12T15:13:12+00:00\",\"dateModified\":\"2023-12-14T10:34:22+00:00\",\"breadcrumb\":{\"@id\":\"https:\\\/\\\/www.calpeda.com\\\/es\\\/politica-de-privacidad\\\/#breadcrumb\"},\"inLanguage\":\"es\",\"potentialAction\":[{\"@type\":\"ReadAction\",\"target\":[\"https:\\\/\\\/www.calpeda.com\\\/es\\\/politica-de-privacidad\\\/\"]}]},{\"@type\":\"BreadcrumbList\",\"@id\":\"https:\\\/\\\/www.calpeda.com\\\/es\\\/politica-de-privacidad\\\/#breadcrumb\",\"itemListElement\":[{\"@type\":\"ListItem\",\"position\":1,\"name\":\"Home\",\"item\":\"https:\\\/\\\/www.calpeda.com\\\/es\\\/\"},{\"@type\":\"ListItem\",\"position\":2,\"name\":\"Pol\u00edtica de privacidad\"}]},{\"@type\":\"WebSite\",\"@id\":\"https:\\\/\\\/www.calpeda.com\\\/es\\\/#website\",\"url\":\"https:\\\/\\\/www.calpeda.com\\\/es\\\/\",\"name\":\"Calpeda\",\"description\":\"\",\"publisher\":{\"@id\":\"https:\\\/\\\/www.calpeda.com\\\/es\\\/#organization\"},\"potentialAction\":[{\"@type\":\"SearchAction\",\"target\":{\"@type\":\"EntryPoint\",\"urlTemplate\":\"https:\\\/\\\/www.calpeda.com\\\/es\\\/?s={search_term_string}\"},\"query-input\":{\"@type\":\"PropertyValueSpecification\",\"valueRequired\":true,\"valueName\":\"search_term_string\"}}],\"inLanguage\":\"es\"},{\"@type\":\"Organization\",\"@id\":\"https:\\\/\\\/www.calpeda.com\\\/es\\\/#organization\",\"name\":\"Calpeda\",\"url\":\"https:\\\/\\\/www.calpeda.com\\\/es\\\/\",\"logo\":{\"@type\":\"ImageObject\",\"inLanguage\":\"es\",\"@id\":\"https:\\\/\\\/www.calpeda.com\\\/es\\\/#\\\/schema\\\/logo\\\/image\\\/\",\"url\":\"https:\\\/\\\/www.calpeda.com\\\/wp-content\\\/uploads\\\/2023\\\/05\\\/calpeda-logo.webp\",\"contentUrl\":\"https:\\\/\\\/www.calpeda.com\\\/wp-content\\\/uploads\\\/2023\\\/05\\\/calpeda-logo.webp\",\"width\":1949,\"height\":399,\"caption\":\"Calpeda\"},\"image\":{\"@id\":\"https:\\\/\\\/www.calpeda.com\\\/es\\\/#\\\/schema\\\/logo\\\/image\\\/\"}}]}<\/script>\n<!-- \/ Yoast SEO plugin. -->","yoast_head_json":{"title":"Pol\u00edtica de privacidad - Calpeda","robots":{"index":"index","follow":"follow","max-snippet":"max-snippet:-1","max-image-preview":"max-image-preview:large","max-video-preview":"max-video-preview:-1"},"canonical":"https:\/\/www.calpeda.com\/es\/politica-de-privacidad\/","og_locale":"es_ES","og_type":"article","og_title":"Pol\u00edtica de privacidad - Calpeda","og_description":"[vc_row type=\u00bbin_container\u00bb full_screen_row_position=\u00bbmiddle\u00bb column_margin=\u00bbdefault\u00bb column_direction=\u00bbdefault\u00bb column_direction_tablet=\u00bbdefault\u00bb column_direction_phone=\u00bbdefault\u00bb scene_position=\u00bbcenter\u00bb top_padding=\u00bb2%\u00bb text_color=\u00bbdark\u00bb text_align=\u00bbleft\u00bb row_border_radius=\u00bbnone\u00bb row_border_radius_applies=\u00bbbg\u00bb overflow=\u00bbvisible\u00bb overlay_strength=\u00bb0.3&#8243; gradient_direction=\u00bbleft_to_right\u00bb shape_divider_position=\u00bbbottom\u00bb bg_image_animation=\u00bbnone\u00bb gradient_type=\u00bbdefault\u00bb shape_type=\u00bb\u00bb][vc_column column_padding=\u00bbno-extra-padding\u00bb column_padding_tablet=\u00bbinherit\u00bb column_padding_phone=\u00bbinherit\u00bb column_padding_position=\u00bball\u00bb column_element_direction_desktop=\u00bbdefault\u00bb column_element_spacing=\u00bbdefault\u00bb desktop_text_alignment=\u00bbdefault\u00bb tablet_text_alignment=\u00bbdefault\u00bb phone_text_alignment=\u00bbdefault\u00bb sticky_content=\u00bbtrue\u00bb...","og_url":"https:\/\/www.calpeda.com\/es\/politica-de-privacidad\/","og_site_name":"Calpeda","article_modified_time":"2023-12-14T10:34:22+00:00","twitter_card":"summary_large_image","twitter_misc":{"Tiempo de lectura":"8 minutos"},"schema":{"@context":"https:\/\/schema.org","@graph":[{"@type":"WebPage","@id":"https:\/\/www.calpeda.com\/es\/politica-de-privacidad\/","url":"https:\/\/www.calpeda.com\/es\/politica-de-privacidad\/","name":"Pol\u00edtica de privacidad - Calpeda","isPartOf":{"@id":"https:\/\/www.calpeda.com\/es\/#website"},"datePublished":"2023-12-12T15:13:12+00:00","dateModified":"2023-12-14T10:34:22+00:00","breadcrumb":{"@id":"https:\/\/www.calpeda.com\/es\/politica-de-privacidad\/#breadcrumb"},"inLanguage":"es","potentialAction":[{"@type":"ReadAction","target":["https:\/\/www.calpeda.com\/es\/politica-de-privacidad\/"]}]},{"@type":"BreadcrumbList","@id":"https:\/\/www.calpeda.com\/es\/politica-de-privacidad\/#breadcrumb","itemListElement":[{"@type":"ListItem","position":1,"name":"Home","item":"https:\/\/www.calpeda.com\/es\/"},{"@type":"ListItem","position":2,"name":"Pol\u00edtica de privacidad"}]},{"@type":"WebSite","@id":"https:\/\/www.calpeda.com\/es\/#website","url":"https:\/\/www.calpeda.com\/es\/","name":"Calpeda","description":"","publisher":{"@id":"https:\/\/www.calpeda.com\/es\/#organization"},"potentialAction":[{"@type":"SearchAction","target":{"@type":"EntryPoint","urlTemplate":"https:\/\/www.calpeda.com\/es\/?s={search_term_string}"},"query-input":{"@type":"PropertyValueSpecification","valueRequired":true,"valueName":"search_term_string"}}],"inLanguage":"es"},{"@type":"Organization","@id":"https:\/\/www.calpeda.com\/es\/#organization","name":"Calpeda","url":"https:\/\/www.calpeda.com\/es\/","logo":{"@type":"ImageObject","inLanguage":"es","@id":"https:\/\/www.calpeda.com\/es\/#\/schema\/logo\/image\/","url":"https:\/\/www.calpeda.com\/wp-content\/uploads\/2023\/05\/calpeda-logo.webp","contentUrl":"https:\/\/www.calpeda.com\/wp-content\/uploads\/2023\/05\/calpeda-logo.webp","width":1949,"height":399,"caption":"Calpeda"},"image":{"@id":"https:\/\/www.calpeda.com\/es\/#\/schema\/logo\/image\/"}}]}},"_links":{"self":[{"href":"https:\/\/www.calpeda.com\/es\/wp-json\/wp\/v2\/pages\/21003","targetHints":{"allow":["GET"]}}],"collection":[{"href":"https:\/\/www.calpeda.com\/es\/wp-json\/wp\/v2\/pages"}],"about":[{"href":"https:\/\/www.calpeda.com\/es\/wp-json\/wp\/v2\/types\/page"}],"author":[{"embeddable":true,"href":"https:\/\/www.calpeda.com\/es\/wp-json\/wp\/v2\/users\/4"}],"replies":[{"embeddable":true,"href":"https:\/\/www.calpeda.com\/es\/wp-json\/wp\/v2\/comments?post=21003"}],"version-history":[{"count":0,"href":"https:\/\/www.calpeda.com\/es\/wp-json\/wp\/v2\/pages\/21003\/revisions"}],"wp:attachment":[{"href":"https:\/\/www.calpeda.com\/es\/wp-json\/wp\/v2\/media?parent=21003"}],"curies":[{"name":"wp","href":"https:\/\/api.w.org\/{rel}","templated":true}]}}