{"id":29699,"date":"2023-12-12T16:51:32","date_gmt":"2023-12-12T16:51:32","guid":{"rendered":"https:\/\/www.calpeda.com\/privacy-policy\/"},"modified":"2023-12-12T16:51:32","modified_gmt":"2023-12-12T16:51:32","slug":"privacy-policy","status":"publish","type":"page","link":"https:\/\/www.calpeda.com\/tn\/privacy-policy\/","title":{"rendered":"Privacy policy"},"content":{"rendered":"[vc_row type=&#8221;in_container&#8221; full_screen_row_position=&#8221;middle&#8221; column_margin=&#8221;default&#8221; column_direction=&#8221;default&#8221; column_direction_tablet=&#8221;default&#8221; column_direction_phone=&#8221;default&#8221; scene_position=&#8221;center&#8221; top_padding=&#8221;2%&#8221; text_color=&#8221;dark&#8221; text_align=&#8221;left&#8221; row_border_radius=&#8221;none&#8221; row_border_radius_applies=&#8221;bg&#8221; overflow=&#8221;visible&#8221; overlay_strength=&#8221;0.3&#8243; gradient_direction=&#8221;left_to_right&#8221; shape_divider_position=&#8221;bottom&#8221; bg_image_animation=&#8221;none&#8221; gradient_type=&#8221;default&#8221; shape_type=&#8221;&#8221;][vc_column column_padding=&#8221;no-extra-padding&#8221; column_padding_tablet=&#8221;inherit&#8221; column_padding_phone=&#8221;inherit&#8221; column_padding_position=&#8221;all&#8221; column_element_direction_desktop=&#8221;default&#8221; column_element_spacing=&#8221;default&#8221; desktop_text_alignment=&#8221;default&#8221; tablet_text_alignment=&#8221;default&#8221; phone_text_alignment=&#8221;default&#8221; sticky_content=&#8221;true&#8221; sticky_content_functionality=&#8221;js&#8221; background_color_opacity=&#8221;1&#8243; background_hover_color_opacity=&#8221;1&#8243; column_backdrop_filter=&#8221;none&#8221; column_shadow=&#8221;none&#8221; column_border_radius=&#8221;none&#8221; column_link_target=&#8221;_self&#8221; column_position=&#8221;default&#8221; gradient_direction=&#8221;left_to_right&#8221; overlay_strength=&#8221;0.3&#8243; width=&#8221;1\/3&#8243; tablet_width_inherit=&#8221;default&#8221; animation_type=&#8221;default&#8221; bg_image_animation=&#8221;none&#8221; border_type=&#8221;simple&#8221; column_border_width=&#8221;none&#8221; column_border_style=&#8221;solid&#8221; column_padding_type=&#8221;default&#8221; gradient_type=&#8221;default&#8221;][nectar_highlighted_text color_type=&#8221;regular&#8221; style=&#8221;full_text&#8221; highlight_expansion=&#8221;default&#8221; custom_font_size=&#8221;42px&#8221;]\n<h1><b>Politique de confidentialit\u00e9 du site Web<\/b><\/h1>\n[\/nectar_highlighted_text][vc_row_inner column_margin=&#8221;default&#8221; column_direction=&#8221;default&#8221; column_direction_tablet=&#8221;default&#8221; column_direction_phone=&#8221;default&#8221; text_align=&#8221;left&#8221; row_position=&#8221;default&#8221; row_position_tablet=&#8221;inherit&#8221; row_position_phone=&#8221;inherit&#8221; overflow=&#8221;visible&#8221; pointer_events=&#8221;all&#8221;][vc_column_inner column_padding=&#8221;no-extra-padding&#8221; column_padding_tablet=&#8221;inherit&#8221; column_padding_phone=&#8221;inherit&#8221; column_padding_position=&#8221;all&#8221; column_element_direction_desktop=&#8221;default&#8221; column_element_spacing=&#8221;default&#8221; desktop_text_alignment=&#8221;default&#8221; tablet_text_alignment=&#8221;default&#8221; phone_text_alignment=&#8221;default&#8221; background_color_opacity=&#8221;1&#8243; background_hover_color_opacity=&#8221;1&#8243; column_backdrop_filter=&#8221;none&#8221; column_shadow=&#8221;none&#8221; column_border_radius=&#8221;none&#8221; column_link_target=&#8221;_self&#8221; overflow=&#8221;visible&#8221; gradient_direction=&#8221;left_to_right&#8221; overlay_strength=&#8221;0.3&#8243; width=&#8221;1\/1&#8243; tablet_width_inherit=&#8221;default&#8221; animation_type=&#8221;default&#8221; bg_image_animation=&#8221;none&#8221; border_type=&#8221;simple&#8221; column_border_width=&#8221;none&#8221; column_border_style=&#8221;solid&#8221;][nectar_cta btn_style=&#8221;underline&#8221; heading_tag=&#8221;h6&#8243; button_color=&#8221;default&#8221; button_border_thickness=&#8221;0px&#8221; link_type=&#8221;regular&#8221; alignment=&#8221;left&#8221; alignment_tablet=&#8221;default&#8221; alignment_phone=&#8221;default&#8221; display=&#8221;block&#8221; display_tablet=&#8221;inherit&#8221; display_phone=&#8221;inherit&#8221; icon_family=&#8221;none&#8221; link_text=&#8221;Politique de confidentialit\u00e9 pour les clients et les fournisseurs&#8221; url=&#8221;https:\/\/www.calpeda.com\/fr\/politique-de-confidentialite-pour-les-clients-et-les-fournisseurs\/&#8221;][nectar_cta btn_style=&#8221;underline&#8221; heading_tag=&#8221;h6&#8243; button_color=&#8221;default&#8221; button_border_thickness=&#8221;0px&#8221; link_type=&#8221;regular&#8221; alignment=&#8221;left&#8221; alignment_tablet=&#8221;default&#8221; alignment_phone=&#8221;default&#8221; display=&#8221;block&#8221; display_tablet=&#8221;inherit&#8221; display_phone=&#8221;inherit&#8221; icon_family=&#8221;none&#8221; link_text=&#8221;Informations et consentements pour la commercialisation&#8221; url=&#8221;https:\/\/www.calpeda.com\/fr\/informations-et-consentements-pour-la-commercialisation\/&#8221;][nectar_cta btn_style=&#8221;underline&#8221; heading_tag=&#8221;h6&#8243; button_color=&#8221;default&#8221; button_border_thickness=&#8221;0px&#8221; link_type=&#8221;regular&#8221; alignment=&#8221;left&#8221; alignment_tablet=&#8221;default&#8221; alignment_phone=&#8221;default&#8221; display=&#8221;block&#8221; display_tablet=&#8221;inherit&#8221; display_phone=&#8221;inherit&#8221; icon_family=&#8221;none&#8221; link_text=&#8221;Information et consentement pour le programme&#8221; url=&#8221;https:\/\/www.calpeda.com\/fr\/information-et-consentement-pour-le-programme\/&#8221;][nectar_cta btn_style=&#8221;underline&#8221; heading_tag=&#8221;h6&#8243; button_color=&#8221;default&#8221; button_border_thickness=&#8221;0px&#8221; link_type=&#8221;regular&#8221; alignment=&#8221;left&#8221; alignment_tablet=&#8221;default&#8221; alignment_phone=&#8221;default&#8221; display=&#8221;block&#8221; display_tablet=&#8221;inherit&#8221; display_phone=&#8221;inherit&#8221; icon_family=&#8221;none&#8221; link_text=&#8221;Cookie Policy&#8221; url=&#8221;https:\/\/www.calpeda.com\/fr\/cookie-policy\/&#8221;][\/vc_column_inner][\/vc_row_inner][\/vc_column][vc_column column_padding=&#8221;no-extra-padding&#8221; column_padding_tablet=&#8221;inherit&#8221; column_padding_phone=&#8221;inherit&#8221; column_padding_position=&#8221;all&#8221; column_element_direction_desktop=&#8221;default&#8221; column_element_spacing=&#8221;default&#8221; desktop_text_alignment=&#8221;default&#8221; tablet_text_alignment=&#8221;default&#8221; phone_text_alignment=&#8221;default&#8221; background_color_opacity=&#8221;1&#8243; background_hover_color_opacity=&#8221;1&#8243; column_backdrop_filter=&#8221;none&#8221; column_shadow=&#8221;none&#8221; column_border_radius=&#8221;none&#8221; column_link_target=&#8221;_self&#8221; column_position=&#8221;default&#8221; gradient_direction=&#8221;left_to_right&#8221; overlay_strength=&#8221;0.3&#8243; width=&#8221;2\/3&#8243; tablet_width_inherit=&#8221;default&#8221; animation_type=&#8221;default&#8221; bg_image_animation=&#8221;none&#8221; border_type=&#8221;simple&#8221; column_border_width=&#8221;none&#8221; column_border_style=&#8221;solid&#8221;][vc_column_text]Dans cette page on d\u00e9crit les modalit\u00e9s de gestion du site en ce qui concerne le traitement des donn\u00e9es personnelles des utilisateurs qui le consultent.<\/p>\n<p>Il s\u2019agit de la note d\u2019information produite conform\u00e9ment \u00e0 l\u2019 13 du R\u00e8glement europ\u00e9en 2016\/679 et destin\u00e9e \u00e0 ceux qui interagissent avec les services web de l\u2019entreprise.<\/p>\n<p>La note d\u2019information fournie concerne uniquement ce site et non les autres sites web qui peuvent \u00eatreconsult\u00e9s par l\u2019utilisateur lorsqu\u2019il clique sur un lien.<\/p>\n<p>La note d\u2019information identifie certaines exigences minimales pour la collecte de donn\u00e9es personnelles en ligne et, en particulier, les modalit\u00e9s, les temps et la nature des informations que les titulaires du traitement doivent fournir aux utilisateurs lorsqu\u2019ils se connectent \u00e0 des pages web, ind\u00e9pendamment des objectifs de la connexion.[\/vc_column_text][divider line_type=&#8221;No Line&#8221; custom_height=&#8221;2vh&#8221;][vc_column_text]\n<h5><b>LE \u00ab\u00a0TITULAIRE\u00a0\u00bb DU TRAITEMENT<\/b><\/h5>\n<p><span style=\"font-weight: 400;\">Suite \u00e0 la consultation de ce site, des donn\u00e9es relatives \u00e0 des personnes identifi\u00e9es ou identifiables peuvent \u00eatre trait\u00e9es.<\/span><span style=\"font-weight: 400;\"><br \/>\n<\/span><span style=\"font-weight: 400;\"><br \/>\n<\/span><span style=\"font-weight: 400;\">Le \u00ab\u00a0titulaire\u00a0\u00bb du traitement est Calpeda S.p.A., en la personne de son repr\u00e9sentant l\u00e9gal pro tempore.<\/span><\/p>\n<h5><span style=\"font-weight: 400;\"><br \/>\n<\/span><b>LIEU DU TRAITEMENT DES DONN\u00c9ES<\/b><\/h5>\n<p><span style=\"font-weight: 400;\">Les traitements connexes aux services <\/span><i><span style=\"font-weight: 400;\">web<\/span><\/i><span style=\"font-weight: 400;\"> de ce site ont lieu principalement au si\u00e8ge social de l\u2019entreprise et sont effectu\u00e9s par le personnel interne autoris\u00e9, ou par d\u2019\u00e9ventuelles personnes externes charg\u00e9es d\u2019effectuer des op\u00e9rations de maintenance occasionnelles.<\/span><\/p>\n<p><span style=\"font-weight: 400;\">Aucune donn\u00e9e d\u00e9coulant du service <\/span><i><span style=\"font-weight: 400;\">web<\/span><\/i><span style=\"font-weight: 400;\"> n\u2019est diffus\u00e9e.<\/span><\/p>\n<p><span style=\"font-weight: 400;\">Les donn\u00e9es personnelles fournies par les utilisateurs qui demandent \u00e0 recevoir des mat\u00e9riels informatifs (bulletins, cd-rom, catalogues, listes de prix, r\u00e9ponses aux questions, documents divers, etc.) sont utilis\u00e9es exclusivement dans le but d\u2019ex\u00e9cuter le service ou la prestation requise.\u00a0<\/span><\/p>\n<p><span style=\"font-weight: 400;\">Les \u00e9ventuelles activit\u00e9s de marketing ne sont r\u00e9alis\u00e9es qu\u2019apr\u00e8s avoir obtenu le consentement appropri\u00e9 de la personne concern\u00e9e.<\/span><\/p>\n<h5><span style=\"font-weight: 400;\"><br \/>\n<\/span><b>TYPES DE DONN\u00c9ES TRAIT\u00c9ES<\/b><\/h5>\n<p><i><span style=\"font-weight: 400;\">Donn\u00e9es de navigation<\/span><\/i><\/p>\n<p><span style=\"font-weight: 400;\">Les syst\u00e8mes informatiques et les proc\u00e9dures <\/span><i><span style=\"font-weight: 400;\">logicielles<\/span><\/i><span style=\"font-weight: 400;\"> dont d\u00e9pend le fonctionnement de ce site <\/span><i><span style=\"font-weight: 400;\">web<\/span><\/i><span style=\"font-weight: 400;\"> r\u00e9cup\u00e8rent, lors de leur activit\u00e9 normale, certaines donn\u00e9es personnelles dont la transmission est implicite lors de la communication via Internet.<\/span><\/p>\n<p><span style=\"font-weight: 400;\">Il s\u2019agit d\u2019informations qui ne sont pas collect\u00e9es pour \u00eatre associ\u00e9es \u00e0 des int\u00e9r\u00eats sp\u00e9cifiques identifi\u00e9s, mais qui par leur nature m\u00eame pourraient, \u00e0 travers des \u00e9laborations et des associations avec des donn\u00e9es en possession de tiers, permettre d\u2019identifier les utilisateurs.<\/span><\/p>\n<p><span style=\"font-weight: 400;\">Dans cette cat\u00e9gorie de donn\u00e9es rentrent les adresses IP ou les noms de domaine des ordinateurs employ\u00e9s par les visiteurs pour se connecter au site, les adresses en notation <\/span><i><span style=\"font-weight: 400;\">URI (Uniform Resource Identifier)<\/span><\/i><span style=\"font-weight: 400;\"> des ressources requises, l\u2019heure de la demande, la m\u00e9thode utilis\u00e9e pour soumettre la demande au serveur, la dimension du ficher obtenu en r\u00e9ponse, le code num\u00e9rique indiquant l\u2019\u00e9tat de la r\u00e9ponse fournie par le <\/span><i><span style=\"font-weight: 400;\">serveur<\/span><\/i><span style=\"font-weight: 400;\"> (r\u00e9ussite, erreur, etc.) et d\u2019autres param\u00e8tres relatifs au syst\u00e8me d\u2019exploitation et \u00e0 l\u2019environnement informatique des visiteurs.<\/span><span style=\"font-weight: 400;\"><br \/>\n<\/span><span style=\"font-weight: 400;\"><br \/>\n<\/span><span style=\"font-weight: 400;\">Ces donn\u00e9es sont utilis\u00e9es dans le seul but d\u2019obtenir des informations statistiques anonymes ou agr\u00e9g\u00e9es sur l\u2019utilisation du site et pour en contr\u00f4ler le bon fonctionnement et sont effac\u00e9es imm\u00e9diatement apr\u00e8s le traitement. Ces donn\u00e9es pourraient \u00eatre utilis\u00e9es pour d\u00e9terminer les responsabilit\u00e9s en cas d\u2019hypoth\u00e9tiques d\u00e9lits informatiques contre le site.<\/span><\/p>\n<p>&nbsp;<\/p>\n<p><i><span style=\"font-weight: 400;\">Donn\u00e9es fournies volontairement par l\u2019utilisateur<\/span><\/i><\/p>\n<p><span style=\"font-weight: 400;\">L\u2019envoi facultatif, explicite et volontaire de courriers \u00e9lectroniques aux adresses indiqu\u00e9es sur ce site comporte l\u2019acquisition successive de l\u2019adresse de l\u2019exp\u00e9diteur n\u00e9cessaire pour r\u00e9pondre aux demandes, ainsi que les autres donn\u00e9es personnelles \u00e9ventuelles pr\u00e9sentes dans le courrier.<\/span><\/p>\n<p><span style=\"font-weight: 400;\">Des notes d\u2019information d\u00e9taill\u00e9es et \u00e9tendues seront progressivement rapport\u00e9es et affich\u00e9es sur les pages du site consacr\u00e9es \u00e0 des services \u00e0 la demande particuliers.<\/span><\/p>\n<h5><b>UTILISATION DES COOKIES<\/b><\/h5>\n<p><span style=\"font-weight: 400;\">En ce qui concerne les modalit\u00e9s d\u2019utilisation des cookies, veuillez vous r\u00e9f\u00e9rer \u00e0 la \u00ab\u00a0notice d\u2019information \u00e9tendue\u00a0\u00bb publi\u00e9e sur ce site, qui int\u00e8gre et compl\u00e8te le pr\u00e9sent document.<\/span><\/p>\n<p><span style=\"font-weight: 400;\">Il est toutefois pr\u00e9cis\u00e9, ici aussi, que les \u00e9ventuels \u00ab\u00a0cookies de profilage\u00a0\u00bb ne sont utilis\u00e9s qu\u2019apr\u00e8s avoir obtenu le consentement sp\u00e9cifique de l\u2019utilisateur, comme l\u2019exige la r\u00e9glementation en vigueur.<\/span><\/p>\n<h5><b>CARACT\u00c8RE FACULTATIF DE L\u2019APPORT DES DONN\u00c9ES<\/b><\/h5>\n<h5><span style=\"font-weight: 400;\">En dehors de ce qui est sp\u00e9cifi\u00e9 pour les donn\u00e9es de navigation, l\u2019utilisateur est libre de fournir ou non des donn\u00e9es personnelles.<\/span><span style=\"font-weight: 400;\"><br \/>\n<\/span><span style=\"font-weight: 400;\">Le fait de ne pas communiquer ces donn\u00e9es peut comporter l\u2019impossibilit\u00e9 d\u2019obtenir ce qui a \u00e9t\u00e9 requis.<\/span><span style=\"font-weight: 400;\"><br \/>\n<\/span><span style=\"font-weight: 400;\"><br \/>\n<\/span> <span style=\"font-weight: 400;\"><br \/>\n<\/span><b>MODALIT\u00c9S DU TRAITEMENT<\/b><\/h5>\n<p><span style=\"font-weight: 400;\">Les donn\u00e9es personnelles sont trait\u00e9es le temps strictement n\u00e9cessaire pour atteindre les objectifs pour lesquels elles ont \u00e9t\u00e9 collect\u00e9es.<\/span><\/p>\n<p><span style=\"font-weight: 400;\">Des mesures de s\u00e9curit\u00e9 sp\u00e9cifiques sont mises en place pour pr\u00e9venir la perte de donn\u00e9es, toute utilisation ill\u00e9gale et incorrecte ainsi que des acc\u00e8s non autoris\u00e9s.<\/span><\/p>\n<h5><b>TRANSFERTS VERS DES PAYS TIERS<\/b><\/h5>\n<p><span style=\"font-weight: 400;\">Tout transfert de donn\u00e9es personnelles vers un pays tiers en dehors de l\u2019Union europ\u00e9enne ou vers une organisation internationale s\u2019effectuera sur la base d\u2019une d\u00e9cision de la Commission, apr\u00e8s en avoir d\u00e9termin\u00e9 le caract\u00e8re ad\u00e9quat, ou, dans le cas de transferts en vertu des articles 46, 47 ou 49, deuxi\u00e8me alin\u00e9a, du R\u00e8glement europ\u00e9en, sur la base de garanties appropri\u00e9es et opportunes.<\/span><\/p>\n<h5><span style=\"font-weight: 400;\"><br \/>\n<\/span><b>DROITS DES PERSONNES CONCERN\u00c9ES<\/b><\/h5>\n<p><span style=\"font-weight: 400;\">Les individus auxquels se r\u00e9f\u00e8rent les donn\u00e9es personnelles ont le droit de demander \u00e0 tout moment l\u2019acc\u00e8s aux donn\u00e9es et leur rectification, leur suppression, la limitation de leur traitement, le droit de s\u2019opposer \u00e0 leur traitement, ainsi que le droit \u00e0 la portabilit\u00e9 des donn\u00e9es\u00a0; ils ont \u00e9galement le droit d\u2019introduire une r\u00e9clamation aupr\u00e8s de l\u2019Autorit\u00e9 de contr\u00f4le.<\/span><\/p>\n<p><span style=\"font-weight: 400;\">Les demandes doivent \u00eatre adress\u00e9es au Titulaire du traitement ou au Responsable de la protection des donn\u00e9es, identifi\u00e9 sous la soci\u00e9t\u00e9 Winger S.r.l., dont le si\u00e8ge est \u00e0 Reggio Emilia, Via Piccard n. 16\/G, t\u00e9l. 0522\/30.11.69, fax 0522\/38.79.96.<\/span><\/p>\n<p><span style=\"font-weight: 400;\">Le pr\u00e9sent document constitue la \u00ab\u00a0<\/span><i><span style=\"font-weight: 400;\">Politique de confidentialit\u00e9<\/span><\/i><span style=\"font-weight: 400;\">\u00a0\u00bb de ce site qui pourra \u00eatre actualis\u00e9e au cas par cas.<\/span><\/p>\n<p><span style=\"font-weight: 400;\">Montorso Vicentino (VI) \u2013 11\/10\/2023<\/span>[\/vc_column_text][\/vc_column][\/vc_row]\n","protected":false},"excerpt":{"rendered":"<p>[vc_row type=&#8221;in_container&#8221; full_screen_row_position=&#8221;middle&#8221; column_margin=&#8221;default&#8221; column_direction=&#8221;default&#8221; column_direction_tablet=&#8221;default&#8221; column_direction_phone=&#8221;default&#8221; scene_position=&#8221;center&#8221; top_padding=&#8221;2%&#8221; text_color=&#8221;dark&#8221; text_align=&#8221;left&#8221; row_border_radius=&#8221;none&#8221; row_border_radius_applies=&#8221;bg&#8221; overflow=&#8221;visible&#8221; overlay_strength=&#8221;0.3&#8243; gradient_direction=&#8221;left_to_right&#8221; shape_divider_position=&#8221;bottom&#8221; bg_image_animation=&#8221;none&#8221; gradient_type=&#8221;default&#8221; shape_type=&#8221;&#8221;][vc_column column_padding=&#8221;no-extra-padding&#8221; column_padding_tablet=&#8221;inherit&#8221; column_padding_phone=&#8221;inherit&#8221; column_padding_position=&#8221;all&#8221; column_element_direction_desktop=&#8221;default&#8221; column_element_spacing=&#8221;default&#8221; desktop_text_alignment=&#8221;default&#8221; tablet_text_alignment=&#8221;default&#8221; phone_text_alignment=&#8221;default&#8221; sticky_content=&#8221;true&#8221;&#8230;<\/p>\n","protected":false},"author":4,"featured_media":0,"parent":0,"menu_order":0,"comment_status":"closed","ping_status":"closed","template":"","meta":{"footnotes":""},"class_list":["post-29699","page","type-page","status-publish"],"yoast_head":"<!-- This site is optimized with the Yoast SEO plugin v27.5 - https:\/\/yoast.com\/product\/yoast-seo-wordpress\/ -->\n<title>Privacy policy - Calpeda<\/title>\n<meta name=\"robots\" content=\"index, follow, max-snippet:-1, max-image-preview:large, max-video-preview:-1\" \/>\n<link rel=\"canonical\" href=\"https:\/\/www.calpeda.com\/tn\/privacy-policy\/\" \/>\n<meta property=\"og:locale\" content=\"ar_AR\" \/>\n<meta property=\"og:type\" content=\"article\" \/>\n<meta property=\"og:title\" content=\"Privacy policy - Calpeda\" \/>\n<meta property=\"og:description\" content=\"[vc_row type=&#8221;in_container&#8221; full_screen_row_position=&#8221;middle&#8221; column_margin=&#8221;default&#8221; column_direction=&#8221;default&#8221; column_direction_tablet=&#8221;default&#8221; column_direction_phone=&#8221;default&#8221; scene_position=&#8221;center&#8221; top_padding=&#8221;2%&#8221; text_color=&#8221;dark&#8221; text_align=&#8221;left&#8221; row_border_radius=&#8221;none&#8221; row_border_radius_applies=&#8221;bg&#8221; overflow=&#8221;visible&#8221; overlay_strength=&#8221;0.3&#8243; gradient_direction=&#8221;left_to_right&#8221; shape_divider_position=&#8221;bottom&#8221; bg_image_animation=&#8221;none&#8221; gradient_type=&#8221;default&#8221; shape_type=&#8221;&#8221;][vc_column column_padding=&#8221;no-extra-padding&#8221; column_padding_tablet=&#8221;inherit&#8221; column_padding_phone=&#8221;inherit&#8221; column_padding_position=&#8221;all&#8221; column_element_direction_desktop=&#8221;default&#8221; column_element_spacing=&#8221;default&#8221; desktop_text_alignment=&#8221;default&#8221; tablet_text_alignment=&#8221;default&#8221; phone_text_alignment=&#8221;default&#8221; sticky_content=&#8221;true&#8221;...\" \/>\n<meta property=\"og:url\" content=\"https:\/\/www.calpeda.com\/tn\/privacy-policy\/\" \/>\n<meta property=\"og:site_name\" content=\"Calpeda\" \/>\n<meta name=\"twitter:card\" content=\"summary_large_image\" \/>\n<meta name=\"twitter:label1\" content=\"Est. reading time\" \/>\n\t<meta name=\"twitter:data1\" content=\"9 minutes\" \/>\n<script type=\"application\/ld+json\" class=\"yoast-schema-graph\">{\"@context\":\"https:\\\/\\\/schema.org\",\"@graph\":[{\"@type\":\"WebPage\",\"@id\":\"https:\\\/\\\/www.calpeda.com\\\/tn\\\/privacy-policy\\\/\",\"url\":\"https:\\\/\\\/www.calpeda.com\\\/tn\\\/privacy-policy\\\/\",\"name\":\"Privacy policy - Calpeda\",\"isPartOf\":{\"@id\":\"https:\\\/\\\/www.calpeda.com\\\/tn\\\/#website\"},\"datePublished\":\"2023-12-12T16:51:32+00:00\",\"breadcrumb\":{\"@id\":\"https:\\\/\\\/www.calpeda.com\\\/tn\\\/privacy-policy\\\/#breadcrumb\"},\"inLanguage\":\"ar-TN\",\"potentialAction\":[{\"@type\":\"ReadAction\",\"target\":[\"https:\\\/\\\/www.calpeda.com\\\/tn\\\/privacy-policy\\\/\"]}]},{\"@type\":\"BreadcrumbList\",\"@id\":\"https:\\\/\\\/www.calpeda.com\\\/tn\\\/privacy-policy\\\/#breadcrumb\",\"itemListElement\":[{\"@type\":\"ListItem\",\"position\":1,\"name\":\"Home\",\"item\":\"https:\\\/\\\/www.calpeda.com\\\/tn\\\/\"},{\"@type\":\"ListItem\",\"position\":2,\"name\":\"Privacy policy\"}]},{\"@type\":\"WebSite\",\"@id\":\"https:\\\/\\\/www.calpeda.com\\\/tn\\\/#website\",\"url\":\"https:\\\/\\\/www.calpeda.com\\\/tn\\\/\",\"name\":\"Calpeda\",\"description\":\"\",\"publisher\":{\"@id\":\"https:\\\/\\\/www.calpeda.com\\\/tn\\\/#organization\"},\"potentialAction\":[{\"@type\":\"SearchAction\",\"target\":{\"@type\":\"EntryPoint\",\"urlTemplate\":\"https:\\\/\\\/www.calpeda.com\\\/tn\\\/?s={search_term_string}\"},\"query-input\":{\"@type\":\"PropertyValueSpecification\",\"valueRequired\":true,\"valueName\":\"search_term_string\"}}],\"inLanguage\":\"ar-TN\"},{\"@type\":\"Organization\",\"@id\":\"https:\\\/\\\/www.calpeda.com\\\/tn\\\/#organization\",\"name\":\"Calpeda\",\"url\":\"https:\\\/\\\/www.calpeda.com\\\/tn\\\/\",\"logo\":{\"@type\":\"ImageObject\",\"inLanguage\":\"ar-TN\",\"@id\":\"https:\\\/\\\/www.calpeda.com\\\/tn\\\/#\\\/schema\\\/logo\\\/image\\\/\",\"url\":\"https:\\\/\\\/www.calpeda.com\\\/wp-content\\\/uploads\\\/2023\\\/05\\\/calpeda-logo.webp\",\"contentUrl\":\"https:\\\/\\\/www.calpeda.com\\\/wp-content\\\/uploads\\\/2023\\\/05\\\/calpeda-logo.webp\",\"width\":1949,\"height\":399,\"caption\":\"Calpeda\"},\"image\":{\"@id\":\"https:\\\/\\\/www.calpeda.com\\\/tn\\\/#\\\/schema\\\/logo\\\/image\\\/\"}}]}<\/script>\n<!-- \/ Yoast SEO plugin. -->","yoast_head_json":{"title":"Privacy policy - Calpeda","robots":{"index":"index","follow":"follow","max-snippet":"max-snippet:-1","max-image-preview":"max-image-preview:large","max-video-preview":"max-video-preview:-1"},"canonical":"https:\/\/www.calpeda.com\/tn\/privacy-policy\/","og_locale":"ar_AR","og_type":"article","og_title":"Privacy policy - Calpeda","og_description":"[vc_row type=&#8221;in_container&#8221; full_screen_row_position=&#8221;middle&#8221; column_margin=&#8221;default&#8221; column_direction=&#8221;default&#8221; column_direction_tablet=&#8221;default&#8221; column_direction_phone=&#8221;default&#8221; scene_position=&#8221;center&#8221; top_padding=&#8221;2%&#8221; text_color=&#8221;dark&#8221; text_align=&#8221;left&#8221; row_border_radius=&#8221;none&#8221; row_border_radius_applies=&#8221;bg&#8221; overflow=&#8221;visible&#8221; overlay_strength=&#8221;0.3&#8243; gradient_direction=&#8221;left_to_right&#8221; shape_divider_position=&#8221;bottom&#8221; bg_image_animation=&#8221;none&#8221; gradient_type=&#8221;default&#8221; shape_type=&#8221;&#8221;][vc_column column_padding=&#8221;no-extra-padding&#8221; column_padding_tablet=&#8221;inherit&#8221; column_padding_phone=&#8221;inherit&#8221; column_padding_position=&#8221;all&#8221; column_element_direction_desktop=&#8221;default&#8221; column_element_spacing=&#8221;default&#8221; desktop_text_alignment=&#8221;default&#8221; tablet_text_alignment=&#8221;default&#8221; phone_text_alignment=&#8221;default&#8221; sticky_content=&#8221;true&#8221;...","og_url":"https:\/\/www.calpeda.com\/tn\/privacy-policy\/","og_site_name":"Calpeda","twitter_card":"summary_large_image","twitter_misc":{"Est. reading time":"9 minutes"},"schema":{"@context":"https:\/\/schema.org","@graph":[{"@type":"WebPage","@id":"https:\/\/www.calpeda.com\/tn\/privacy-policy\/","url":"https:\/\/www.calpeda.com\/tn\/privacy-policy\/","name":"Privacy policy - Calpeda","isPartOf":{"@id":"https:\/\/www.calpeda.com\/tn\/#website"},"datePublished":"2023-12-12T16:51:32+00:00","breadcrumb":{"@id":"https:\/\/www.calpeda.com\/tn\/privacy-policy\/#breadcrumb"},"inLanguage":"ar-TN","potentialAction":[{"@type":"ReadAction","target":["https:\/\/www.calpeda.com\/tn\/privacy-policy\/"]}]},{"@type":"BreadcrumbList","@id":"https:\/\/www.calpeda.com\/tn\/privacy-policy\/#breadcrumb","itemListElement":[{"@type":"ListItem","position":1,"name":"Home","item":"https:\/\/www.calpeda.com\/tn\/"},{"@type":"ListItem","position":2,"name":"Privacy policy"}]},{"@type":"WebSite","@id":"https:\/\/www.calpeda.com\/tn\/#website","url":"https:\/\/www.calpeda.com\/tn\/","name":"Calpeda","description":"","publisher":{"@id":"https:\/\/www.calpeda.com\/tn\/#organization"},"potentialAction":[{"@type":"SearchAction","target":{"@type":"EntryPoint","urlTemplate":"https:\/\/www.calpeda.com\/tn\/?s={search_term_string}"},"query-input":{"@type":"PropertyValueSpecification","valueRequired":true,"valueName":"search_term_string"}}],"inLanguage":"ar-TN"},{"@type":"Organization","@id":"https:\/\/www.calpeda.com\/tn\/#organization","name":"Calpeda","url":"https:\/\/www.calpeda.com\/tn\/","logo":{"@type":"ImageObject","inLanguage":"ar-TN","@id":"https:\/\/www.calpeda.com\/tn\/#\/schema\/logo\/image\/","url":"https:\/\/www.calpeda.com\/wp-content\/uploads\/2023\/05\/calpeda-logo.webp","contentUrl":"https:\/\/www.calpeda.com\/wp-content\/uploads\/2023\/05\/calpeda-logo.webp","width":1949,"height":399,"caption":"Calpeda"},"image":{"@id":"https:\/\/www.calpeda.com\/tn\/#\/schema\/logo\/image\/"}}]}},"_links":{"self":[{"href":"https:\/\/www.calpeda.com\/tn\/wp-json\/wp\/v2\/pages\/29699","targetHints":{"allow":["GET"]}}],"collection":[{"href":"https:\/\/www.calpeda.com\/tn\/wp-json\/wp\/v2\/pages"}],"about":[{"href":"https:\/\/www.calpeda.com\/tn\/wp-json\/wp\/v2\/types\/page"}],"author":[{"embeddable":true,"href":"https:\/\/www.calpeda.com\/tn\/wp-json\/wp\/v2\/users\/4"}],"replies":[{"embeddable":true,"href":"https:\/\/www.calpeda.com\/tn\/wp-json\/wp\/v2\/comments?post=29699"}],"version-history":[{"count":0,"href":"https:\/\/www.calpeda.com\/tn\/wp-json\/wp\/v2\/pages\/29699\/revisions"}],"wp:attachment":[{"href":"https:\/\/www.calpeda.com\/tn\/wp-json\/wp\/v2\/media?parent=29699"}],"curies":[{"name":"wp","href":"https:\/\/api.w.org\/{rel}","templated":true}]}}