{"id":29701,"date":"2023-12-12T16:46:45","date_gmt":"2023-12-12T16:46:45","guid":{"rendered":"https:\/\/www.calpeda.com\/informations-et-consentements-pour-la-commercialisation\/"},"modified":"2023-12-12T16:46:45","modified_gmt":"2023-12-12T16:46:45","slug":"informations-et-consentements-pour-la-commercialisation","status":"publish","type":"page","link":"https:\/\/www.calpeda.com\/tn\/informations-et-consentements-pour-la-commercialisation\/","title":{"rendered":"Informations et consentements pour la commercialisation"},"content":{"rendered":"[vc_row type=&#8221;in_container&#8221; full_screen_row_position=&#8221;middle&#8221; column_margin=&#8221;default&#8221; column_direction=&#8221;default&#8221; column_direction_tablet=&#8221;default&#8221; column_direction_phone=&#8221;default&#8221; scene_position=&#8221;center&#8221; top_padding=&#8221;2%&#8221; text_color=&#8221;dark&#8221; text_align=&#8221;left&#8221; row_border_radius=&#8221;none&#8221; row_border_radius_applies=&#8221;bg&#8221; overflow=&#8221;visible&#8221; overlay_strength=&#8221;0.3&#8243; gradient_direction=&#8221;left_to_right&#8221; shape_divider_position=&#8221;bottom&#8221; bg_image_animation=&#8221;none&#8221; gradient_type=&#8221;default&#8221; shape_type=&#8221;&#8221;][vc_column column_padding=&#8221;no-extra-padding&#8221; column_padding_tablet=&#8221;inherit&#8221; column_padding_phone=&#8221;inherit&#8221; column_padding_position=&#8221;all&#8221; column_element_direction_desktop=&#8221;default&#8221; column_element_spacing=&#8221;default&#8221; desktop_text_alignment=&#8221;default&#8221; tablet_text_alignment=&#8221;default&#8221; phone_text_alignment=&#8221;default&#8221; background_color_opacity=&#8221;1&#8243; background_hover_color_opacity=&#8221;1&#8243; column_backdrop_filter=&#8221;none&#8221; column_shadow=&#8221;none&#8221; column_border_radius=&#8221;none&#8221; column_link_target=&#8221;_self&#8221; column_position=&#8221;default&#8221; gradient_direction=&#8221;left_to_right&#8221; overlay_strength=&#8221;0.3&#8243; width=&#8221;1\/4&#8243; tablet_width_inherit=&#8221;default&#8221; animation_type=&#8221;default&#8221; bg_image_animation=&#8221;none&#8221; border_type=&#8221;simple&#8221; column_border_width=&#8221;none&#8221; column_border_style=&#8221;solid&#8221;][\/vc_column][vc_column column_padding=&#8221;no-extra-padding&#8221; column_padding_tablet=&#8221;inherit&#8221; column_padding_phone=&#8221;inherit&#8221; column_padding_position=&#8221;all&#8221; column_element_direction_desktop=&#8221;default&#8221; column_element_spacing=&#8221;default&#8221; desktop_text_alignment=&#8221;default&#8221; tablet_text_alignment=&#8221;default&#8221; phone_text_alignment=&#8221;default&#8221; background_color_opacity=&#8221;1&#8243; background_hover_color_opacity=&#8221;1&#8243; column_backdrop_filter=&#8221;none&#8221; column_shadow=&#8221;none&#8221; column_border_radius=&#8221;none&#8221; column_link_target=&#8221;_self&#8221; column_position=&#8221;default&#8221; gradient_direction=&#8221;left_to_right&#8221; overlay_strength=&#8221;0.3&#8243; width=&#8221;1\/2&#8243; tablet_width_inherit=&#8221;default&#8221; animation_type=&#8221;default&#8221; bg_image_animation=&#8221;none&#8221; border_type=&#8221;simple&#8221; column_border_width=&#8221;none&#8221; column_border_style=&#8221;solid&#8221;][nectar_highlighted_text color_type=&#8221;regular&#8221; style=&#8221;full_text&#8221; highlight_expansion=&#8221;default&#8221; custom_font_size=&#8221;42px&#8221;]\n<h1><b>Informations et consentements pour la commercialisation<\/b><\/h1>\n[\/nectar_highlighted_text][vc_column_text]<b>Objet : Note d\u2019information d\u00e9livr\u00e9e par Calpeda S.p.A. conform\u00e9ment \u00e0 l\u2019art. 13 du R\u00e8glement europ\u00e9en 2016\/679<\/b>[\/vc_column_text][\/vc_column][vc_column column_padding=&#8221;no-extra-padding&#8221; column_padding_tablet=&#8221;inherit&#8221; column_padding_phone=&#8221;inherit&#8221; column_padding_position=&#8221;all&#8221; column_element_direction_desktop=&#8221;default&#8221; column_element_spacing=&#8221;default&#8221; desktop_text_alignment=&#8221;default&#8221; tablet_text_alignment=&#8221;default&#8221; phone_text_alignment=&#8221;default&#8221; background_color_opacity=&#8221;1&#8243; background_hover_color_opacity=&#8221;1&#8243; column_backdrop_filter=&#8221;none&#8221; column_shadow=&#8221;none&#8221; column_border_radius=&#8221;none&#8221; column_link_target=&#8221;_self&#8221; column_position=&#8221;default&#8221; gradient_direction=&#8221;left_to_right&#8221; overlay_strength=&#8221;0.3&#8243; width=&#8221;1\/4&#8243; tablet_width_inherit=&#8221;default&#8221; animation_type=&#8221;default&#8221; bg_image_animation=&#8221;none&#8221; border_type=&#8221;simple&#8221; column_border_width=&#8221;none&#8221; column_border_style=&#8221;solid&#8221;][\/vc_column][\/vc_row][vc_row type=&#8221;in_container&#8221; full_screen_row_position=&#8221;middle&#8221; column_margin=&#8221;default&#8221; column_direction=&#8221;default&#8221; column_direction_tablet=&#8221;default&#8221; column_direction_phone=&#8221;default&#8221; scene_position=&#8221;center&#8221; text_color=&#8221;dark&#8221; text_align=&#8221;left&#8221; row_border_radius=&#8221;none&#8221; row_border_radius_applies=&#8221;bg&#8221; overflow=&#8221;visible&#8221; overlay_strength=&#8221;0.3&#8243; gradient_direction=&#8221;left_to_right&#8221; shape_divider_position=&#8221;bottom&#8221; bg_image_animation=&#8221;none&#8221; gradient_type=&#8221;default&#8221; shape_type=&#8221;&#8221;][vc_column column_padding=&#8221;no-extra-padding&#8221; column_padding_tablet=&#8221;inherit&#8221; column_padding_phone=&#8221;inherit&#8221; column_padding_position=&#8221;all&#8221; column_element_direction_desktop=&#8221;default&#8221; column_element_spacing=&#8221;default&#8221; desktop_text_alignment=&#8221;default&#8221; tablet_text_alignment=&#8221;default&#8221; phone_text_alignment=&#8221;default&#8221; background_color_opacity=&#8221;1&#8243; background_hover_color_opacity=&#8221;1&#8243; column_backdrop_filter=&#8221;none&#8221; column_shadow=&#8221;none&#8221; column_border_radius=&#8221;none&#8221; column_link_target=&#8221;_self&#8221; column_position=&#8221;default&#8221; gradient_direction=&#8221;left_to_right&#8221; overlay_strength=&#8221;0.3&#8243; width=&#8221;1\/4&#8243; tablet_width_inherit=&#8221;default&#8221; animation_type=&#8221;default&#8221; bg_image_animation=&#8221;none&#8221; border_type=&#8221;simple&#8221; column_border_width=&#8221;none&#8221; column_border_style=&#8221;solid&#8221;][\/vc_column][vc_column column_padding=&#8221;no-extra-padding&#8221; column_padding_tablet=&#8221;inherit&#8221; column_padding_phone=&#8221;inherit&#8221; column_padding_position=&#8221;all&#8221; column_element_direction_desktop=&#8221;default&#8221; column_element_spacing=&#8221;default&#8221; desktop_text_alignment=&#8221;default&#8221; tablet_text_alignment=&#8221;default&#8221; phone_text_alignment=&#8221;default&#8221; background_color_opacity=&#8221;1&#8243; background_hover_color_opacity=&#8221;1&#8243; column_backdrop_filter=&#8221;none&#8221; column_shadow=&#8221;none&#8221; column_border_radius=&#8221;none&#8221; column_link_target=&#8221;_self&#8221; column_position=&#8221;default&#8221; gradient_direction=&#8221;left_to_right&#8221; overlay_strength=&#8221;0.3&#8243; width=&#8221;1\/2&#8243; tablet_width_inherit=&#8221;default&#8221; animation_type=&#8221;default&#8221; bg_image_animation=&#8221;none&#8221; border_type=&#8221;simple&#8221; column_border_width=&#8221;none&#8221; column_border_style=&#8221;solid&#8221;][vc_column_text]<strong>Attendu que<\/strong><\/p>\n<p>1) \u00e0 la suite de vos visites sur ce site, du remplissage de formulaires, de la r\u00e9ception de vos demandes\/questions, de contacts pr\u00e9liminaires, d&#8217;enqu\u00eates et de recherches sur le march\u00e9, de la constitution \u00e9ventuelle de rapports commerciaux, notre soci\u00e9t\u00e9 devra collecter et traiter les donn\u00e9es \u00e0 caract\u00e8re personnel vous concernant\u00a0;<\/p>\n<p>2) nous pr\u00e9cisons, par souci de clart\u00e9, les d\u00e9finitions suivantes donn\u00e9es par le R\u00e8glement europ\u00e9en 2016\/679 :<\/p>\n<p><strong>Donn\u00e9e \u00e0 caract\u00e8re personnel\u00a0:<\/strong> toute information concernant une personne physique identifi\u00e9e ou identifiable (\u00ab\u00a0personne concern\u00e9e\u00a0\u00bb) ; on consid\u00e8re identifiable la personne physique qui peut \u00eatre identifi\u00e9e, directement ou indirectement, notamment en r\u00e9f\u00e9rence \u00e0 un identifiant tel que le nom, le num\u00e9ro d\u2019identification, les donn\u00e9es de localisation, un identifiant en ligne ou \u00e0 un ou plusieurs \u00e9l\u00e9ments sp\u00e9cifiques \u00e0 son identit\u00e9 physique, physiologique, g\u00e9n\u00e9tique, mentale, \u00e9conomique, culturelle ou sociale ;<\/p>\n<p><strong>Traitement\u00a0:<\/strong> toute op\u00e9ration ou ensemble d\u2019op\u00e9rations effectu\u00e9es avec ou sans l\u2019aide de proc\u00e9d\u00e9s automatis\u00e9s et appliqu\u00e9es \u00e0 des donn\u00e9es \u00e0 caract\u00e8re personnel ou \u00e0 des ensembles de donn\u00e9es \u00e0 caract\u00e8re personnel, telles que la collecte, l\u2019enregistrement, l\u2019organisation, la structuration, la conservation, l\u2019adaptation ou la modification, l\u2019extraction, la consultation, l\u2019utilisation, la communication par transmission, la diffusion ou toute autre forme de mise \u00e0 disposition, le rapprochement ou l\u2019interconnexion, la limitation, l\u2019effacement ou la destruction.<\/p>\n<p>Cela \u00e9tant dit, conform\u00e9ment \u00e0 l\u2019article 13 du R\u00e8glement europ\u00e9en 2016\/679,<\/p>\n<p><strong>nous vous informons<\/strong><\/p>\n<p>que la collecte et le traitement des donn\u00e9es \u00e0 caract\u00e8re personnel seront effectu\u00e9s par la soci\u00e9t\u00e9 ayant r\u00e9dig\u00e9 ce document conform\u00e9ment \u00e0 ce qui suit\u00a0:<\/p>\n<ol>\n<li><strong>fins g\u00e9n\u00e9rales :<\/strong> les donn\u00e9es seront trait\u00e9es pour satisfaire vos demandes\/questions, pour la bonne ex\u00e9cution de toute activit\u00e9 bureaucratique, comptable, fiscale, commerciale, technique et pour les activit\u00e9s d\u2019entreprise requises par la loi et, dans tous les cas, \u00e9troitement li\u00e9es aux relations existantes ;<\/li>\n<li><strong>fins de \u00ab\u00a0marketing direct\u00a0\u00bb<\/strong> vos donn\u00e9es peuvent \u00eatre \u00e9galement \u00eatre utilis\u00e9es, uniquement et exclusivement sous r\u00e9serve de votre consentement libre, facultatif, sp\u00e9cifique et explicite, qui peut \u00eatre r\u00e9voqu\u00e9 \u00e0 tout moment, pour l&#8217;envoi de mat\u00e9riel\/messages publicitaires par courrier, e-mail, t\u00e9l\u00e9phone, fax, sms, mms et autres moyens similaires ; apr\u00e8s avoir donn\u00e9 votre consentement, vous avez en tout \u00e9tat de cause le droit de vous opposer, \u00e0 tout moment et sans frais, au traitement des donn\u00e9es vous concernant \u00e0 de telles fins ;<\/li>\n<li><strong>m\u00e9thodes :<\/strong> les donn\u00e9es seront trait\u00e9es \u00e0 la fois avec des instruments\/supports papier et \u00e9lectroniques\/informatiques\/t\u00e9l\u00e9matiques, dans le plein respect de la loi, conform\u00e9ment aux principes de l\u00e9galit\u00e9 et d\u2019exactitude et de mani\u00e8re \u00e0 prot\u00e9ger votre confidentialit\u00e9 ;<\/li>\n<li><strong>attribution facultative\u00a0:<\/strong> l\u2019attribution de vos donn\u00e9es est facultative et non obligatoire ;<\/li>\n<li><strong>cons\u00e9quences d\u2019un \u00e9ventuel refus :<\/strong> le refus de fournir les donn\u00e9es ou l&#8217;opposition \u00e0 leur traitement aux fins vis\u00e9es au point a) peut toutefois entra\u00eener l&#8217;impossibilit\u00e9 de donner suite \u00e0 certaines de vos demandes ; le refus d&#8217;utiliser les donn\u00e9es aux fins vis\u00e9es au point b) n&#8217;aura en revanche aucune cons\u00e9quence sur la reconnaissance des avantages li\u00e9s aux promotions ou sur les relations existantes ;<\/li>\n<li><strong>entit\u00e9s ou cat\u00e9gories d\u2019entit\u00e9s (destinataires) auxquelles les donn\u00e9es peuvent \u00eatre communiqu\u00e9es ou diffus\u00e9es :<\/strong> les donn\u00e9es pourront \u00eatre communiqu\u00e9es \u00e0 des tiers uniquement afin de se conformer \u00e0 des obligations l\u00e9gales ou contractuelles. Les donn\u00e9es ne seront en aucun cas diffus\u00e9es ;<\/li>\n<li><strong>personnes autoris\u00e9es au traitement :<\/strong> les donn\u00e9es seront trait\u00e9es exclusivement par un petit nombre d&#8217;employ\u00e9s de l&#8217;entreprise dans les secteurs de l&#8217;administration, du marketing, du centre de donn\u00e9es et des ventes, sp\u00e9cifiquement autoris\u00e9s ;<\/li>\n<li><strong>proc\u00e9d\u00e9s d\u00e9cisionnels automatis\u00e9s (par exemple profilage) : <\/strong>des processus d\u00e9cisionnels automatis\u00e9s ne sont pas g\u00e9r\u00e9s de quelque mani\u00e8re que ce soit ;<\/li>\n<li><strong>droits de la personne concern\u00e9e :<\/strong> vous disposez de tous les droits inscrits dans le R\u00e8glement europ\u00e9en 2016\/679, tels que le droit de demander l\u2019acc\u00e8s aux donn\u00e9es personnelles et leur rectification, la suppression de celles-ci, la limitation du traitement, le droit de s\u2019opposer au traitement, ainsi que le droit \u00e0 la portabilit\u00e9 des donn\u00e9es. Vous avez \u00e9galement le droit de d\u00e9poser une plainte aupr\u00e8s de l\u2019autorit\u00e9 de contr\u00f4le ;<\/li>\n<li><strong>transferts vers des pays tiers : <\/strong>tout transfert de donn\u00e9es personnelles vers un pays tiers en dehors de l&#8217;Union europ\u00e9enne ou vers une organisation internationale s&#8217;effectuera sur la base d&#8217;une d\u00e9cision d&#8217;ad\u00e9quation de la Commission ou, dans le cas de transferts en vertu des articles 46, 47 ou 49, deuxi\u00e8me alin\u00e9a, du R\u00e8glement europ\u00e9en, sur la base de garanties appropri\u00e9es et opportunes\u00a0;<\/li>\n<li><strong>dur\u00e9e de conservation des donn\u00e9es : <\/strong>les donn\u00e9es seront conserv\u00e9es pendant la dur\u00e9e strictement n\u00e9cessaire pour r\u00e9pondre aux demandes de la personne concern\u00e9e ou conform\u00e9ment aux dispositions de la r\u00e9glementation en vigueur ou \u00e0 toute clause contractuelle ;<\/li>\n<li><strong>responsable\u00a0:<\/strong> le responsable du traitement est Calpeda S.p.A., sise \u00e0 Montorso Vicentino (VI), Via Roggia di Mezzo n. 39, en la personne de son repr\u00e9sentant l\u00e9gal pro tempore ;<\/li>\n<li><strong>responsable de la protection des donn\u00e9es\/data protection officer\u00a0:<\/strong> le responsable de la protection des donn\u00e9es est la soci\u00e9t\u00e9 Winger S.r.l., sise \u00e0 Reggio d\u2019\u00c9milie, Via Piccard n. 16\/G, t\u00e9l. +39 0522\/30.11.69, fax +39 0522\/38.79.96 : toute demande de clarification ou d\u2019information peut \u00eatre adress\u00e9e \u00e0 ce responsable.<\/li>\n<\/ol>\n<p>La pr\u00e9sente note d\u2019information pourra \u00eatre int\u00e9gr\u00e9e oralement ou par \u00e9crit, avec des \u00e9l\u00e9ments et des indications suppl\u00e9mentaires, pour satisfaire \u00e0 toute exigence d\u2019information additionnelle en mati\u00e8re de \u00ab\u00a0Confidentialit\u00e9\u00a0\u00bb et pour accompagner l\u2019\u00e9volution normative.<\/p>\n<p>&nbsp;<\/p>\n<p>Date : 13\/10\/2023<\/p>\n<p>Le responsable du traitement<\/p>\n<p>Calpeda S.p.A.<strong>\u00a0\u00a0\u00a0\u00a0\u00a0\u00a0 <\/strong>[\/vc_column_text][\/vc_column][vc_column column_padding=&#8221;no-extra-padding&#8221; column_padding_tablet=&#8221;inherit&#8221; column_padding_phone=&#8221;inherit&#8221; column_padding_position=&#8221;all&#8221; column_element_direction_desktop=&#8221;default&#8221; column_element_spacing=&#8221;default&#8221; desktop_text_alignment=&#8221;default&#8221; tablet_text_alignment=&#8221;default&#8221; phone_text_alignment=&#8221;default&#8221; background_color_opacity=&#8221;1&#8243; background_hover_color_opacity=&#8221;1&#8243; column_backdrop_filter=&#8221;none&#8221; column_shadow=&#8221;none&#8221; column_border_radius=&#8221;none&#8221; column_link_target=&#8221;_self&#8221; column_position=&#8221;default&#8221; gradient_direction=&#8221;left_to_right&#8221; overlay_strength=&#8221;0.3&#8243; width=&#8221;1\/4&#8243; tablet_width_inherit=&#8221;default&#8221; animation_type=&#8221;default&#8221; bg_image_animation=&#8221;none&#8221; border_type=&#8221;simple&#8221; column_border_width=&#8221;none&#8221; column_border_style=&#8221;solid&#8221;][\/vc_column][\/vc_row]\n","protected":false},"excerpt":{"rendered":"<p>[vc_row type=&#8221;in_container&#8221; full_screen_row_position=&#8221;middle&#8221; column_margin=&#8221;default&#8221; column_direction=&#8221;default&#8221; column_direction_tablet=&#8221;default&#8221; column_direction_phone=&#8221;default&#8221; scene_position=&#8221;center&#8221; top_padding=&#8221;2%&#8221; text_color=&#8221;dark&#8221; text_align=&#8221;left&#8221; row_border_radius=&#8221;none&#8221; row_border_radius_applies=&#8221;bg&#8221; overflow=&#8221;visible&#8221; overlay_strength=&#8221;0.3&#8243; gradient_direction=&#8221;left_to_right&#8221; shape_divider_position=&#8221;bottom&#8221; bg_image_animation=&#8221;none&#8221; gradient_type=&#8221;default&#8221; shape_type=&#8221;&#8221;][vc_column column_padding=&#8221;no-extra-padding&#8221; column_padding_tablet=&#8221;inherit&#8221; column_padding_phone=&#8221;inherit&#8221; column_padding_position=&#8221;all&#8221; column_element_direction_desktop=&#8221;default&#8221; column_element_spacing=&#8221;default&#8221; desktop_text_alignment=&#8221;default&#8221; tablet_text_alignment=&#8221;default&#8221; phone_text_alignment=&#8221;default&#8221; background_color_opacity=&#8221;1&#8243;&#8230;<\/p>\n","protected":false},"author":4,"featured_media":0,"parent":0,"menu_order":0,"comment_status":"closed","ping_status":"closed","template":"","meta":{"footnotes":""},"class_list":["post-29701","page","type-page","status-publish"],"yoast_head":"<!-- This site is optimized with the Yoast SEO plugin v27.5 - https:\/\/yoast.com\/product\/yoast-seo-wordpress\/ -->\n<title>Informations et consentements pour la commercialisation - Calpeda<\/title>\n<meta name=\"robots\" content=\"index, follow, max-snippet:-1, max-image-preview:large, max-video-preview:-1\" \/>\n<link rel=\"canonical\" href=\"https:\/\/www.calpeda.com\/tn\/informations-et-consentements-pour-la-commercialisation\/\" \/>\n<meta property=\"og:locale\" content=\"ar_AR\" \/>\n<meta property=\"og:type\" content=\"article\" \/>\n<meta property=\"og:title\" content=\"Informations et consentements pour la commercialisation - Calpeda\" \/>\n<meta property=\"og:description\" content=\"[vc_row type=&#8221;in_container&#8221; full_screen_row_position=&#8221;middle&#8221; column_margin=&#8221;default&#8221; column_direction=&#8221;default&#8221; column_direction_tablet=&#8221;default&#8221; column_direction_phone=&#8221;default&#8221; scene_position=&#8221;center&#8221; top_padding=&#8221;2%&#8221; text_color=&#8221;dark&#8221; text_align=&#8221;left&#8221; row_border_radius=&#8221;none&#8221; row_border_radius_applies=&#8221;bg&#8221; overflow=&#8221;visible&#8221; overlay_strength=&#8221;0.3&#8243; gradient_direction=&#8221;left_to_right&#8221; shape_divider_position=&#8221;bottom&#8221; bg_image_animation=&#8221;none&#8221; gradient_type=&#8221;default&#8221; shape_type=&#8221;&#8221;][vc_column column_padding=&#8221;no-extra-padding&#8221; column_padding_tablet=&#8221;inherit&#8221; column_padding_phone=&#8221;inherit&#8221; column_padding_position=&#8221;all&#8221; column_element_direction_desktop=&#8221;default&#8221; column_element_spacing=&#8221;default&#8221; desktop_text_alignment=&#8221;default&#8221; tablet_text_alignment=&#8221;default&#8221; phone_text_alignment=&#8221;default&#8221; background_color_opacity=&#8221;1&#8243;...\" \/>\n<meta property=\"og:url\" content=\"https:\/\/www.calpeda.com\/tn\/informations-et-consentements-pour-la-commercialisation\/\" \/>\n<meta property=\"og:site_name\" content=\"Calpeda\" \/>\n<meta name=\"twitter:card\" content=\"summary_large_image\" \/>\n<meta name=\"twitter:label1\" content=\"Est. reading time\" \/>\n\t<meta name=\"twitter:data1\" content=\"9 minutes\" \/>\n<script type=\"application\/ld+json\" class=\"yoast-schema-graph\">{\"@context\":\"https:\\\/\\\/schema.org\",\"@graph\":[{\"@type\":\"WebPage\",\"@id\":\"https:\\\/\\\/www.calpeda.com\\\/tn\\\/informations-et-consentements-pour-la-commercialisation\\\/\",\"url\":\"https:\\\/\\\/www.calpeda.com\\\/tn\\\/informations-et-consentements-pour-la-commercialisation\\\/\",\"name\":\"Informations et consentements pour la commercialisation - Calpeda\",\"isPartOf\":{\"@id\":\"https:\\\/\\\/www.calpeda.com\\\/tn\\\/#website\"},\"datePublished\":\"2023-12-12T16:46:45+00:00\",\"breadcrumb\":{\"@id\":\"https:\\\/\\\/www.calpeda.com\\\/tn\\\/informations-et-consentements-pour-la-commercialisation\\\/#breadcrumb\"},\"inLanguage\":\"ar-TN\",\"potentialAction\":[{\"@type\":\"ReadAction\",\"target\":[\"https:\\\/\\\/www.calpeda.com\\\/tn\\\/informations-et-consentements-pour-la-commercialisation\\\/\"]}]},{\"@type\":\"BreadcrumbList\",\"@id\":\"https:\\\/\\\/www.calpeda.com\\\/tn\\\/informations-et-consentements-pour-la-commercialisation\\\/#breadcrumb\",\"itemListElement\":[{\"@type\":\"ListItem\",\"position\":1,\"name\":\"Home\",\"item\":\"https:\\\/\\\/www.calpeda.com\\\/tn\\\/\"},{\"@type\":\"ListItem\",\"position\":2,\"name\":\"Informations et consentements pour la commercialisation\"}]},{\"@type\":\"WebSite\",\"@id\":\"https:\\\/\\\/www.calpeda.com\\\/tn\\\/#website\",\"url\":\"https:\\\/\\\/www.calpeda.com\\\/tn\\\/\",\"name\":\"Calpeda\",\"description\":\"\",\"publisher\":{\"@id\":\"https:\\\/\\\/www.calpeda.com\\\/tn\\\/#organization\"},\"potentialAction\":[{\"@type\":\"SearchAction\",\"target\":{\"@type\":\"EntryPoint\",\"urlTemplate\":\"https:\\\/\\\/www.calpeda.com\\\/tn\\\/?s={search_term_string}\"},\"query-input\":{\"@type\":\"PropertyValueSpecification\",\"valueRequired\":true,\"valueName\":\"search_term_string\"}}],\"inLanguage\":\"ar-TN\"},{\"@type\":\"Organization\",\"@id\":\"https:\\\/\\\/www.calpeda.com\\\/tn\\\/#organization\",\"name\":\"Calpeda\",\"url\":\"https:\\\/\\\/www.calpeda.com\\\/tn\\\/\",\"logo\":{\"@type\":\"ImageObject\",\"inLanguage\":\"ar-TN\",\"@id\":\"https:\\\/\\\/www.calpeda.com\\\/tn\\\/#\\\/schema\\\/logo\\\/image\\\/\",\"url\":\"https:\\\/\\\/www.calpeda.com\\\/wp-content\\\/uploads\\\/2023\\\/05\\\/calpeda-logo.webp\",\"contentUrl\":\"https:\\\/\\\/www.calpeda.com\\\/wp-content\\\/uploads\\\/2023\\\/05\\\/calpeda-logo.webp\",\"width\":1949,\"height\":399,\"caption\":\"Calpeda\"},\"image\":{\"@id\":\"https:\\\/\\\/www.calpeda.com\\\/tn\\\/#\\\/schema\\\/logo\\\/image\\\/\"}}]}<\/script>\n<!-- \/ Yoast SEO plugin. -->","yoast_head_json":{"title":"Informations et consentements pour la commercialisation - Calpeda","robots":{"index":"index","follow":"follow","max-snippet":"max-snippet:-1","max-image-preview":"max-image-preview:large","max-video-preview":"max-video-preview:-1"},"canonical":"https:\/\/www.calpeda.com\/tn\/informations-et-consentements-pour-la-commercialisation\/","og_locale":"ar_AR","og_type":"article","og_title":"Informations et consentements pour la commercialisation - Calpeda","og_description":"[vc_row type=&#8221;in_container&#8221; full_screen_row_position=&#8221;middle&#8221; column_margin=&#8221;default&#8221; column_direction=&#8221;default&#8221; column_direction_tablet=&#8221;default&#8221; column_direction_phone=&#8221;default&#8221; scene_position=&#8221;center&#8221; top_padding=&#8221;2%&#8221; text_color=&#8221;dark&#8221; text_align=&#8221;left&#8221; row_border_radius=&#8221;none&#8221; row_border_radius_applies=&#8221;bg&#8221; overflow=&#8221;visible&#8221; overlay_strength=&#8221;0.3&#8243; gradient_direction=&#8221;left_to_right&#8221; shape_divider_position=&#8221;bottom&#8221; bg_image_animation=&#8221;none&#8221; gradient_type=&#8221;default&#8221; shape_type=&#8221;&#8221;][vc_column column_padding=&#8221;no-extra-padding&#8221; column_padding_tablet=&#8221;inherit&#8221; column_padding_phone=&#8221;inherit&#8221; column_padding_position=&#8221;all&#8221; column_element_direction_desktop=&#8221;default&#8221; column_element_spacing=&#8221;default&#8221; desktop_text_alignment=&#8221;default&#8221; tablet_text_alignment=&#8221;default&#8221; phone_text_alignment=&#8221;default&#8221; background_color_opacity=&#8221;1&#8243;...","og_url":"https:\/\/www.calpeda.com\/tn\/informations-et-consentements-pour-la-commercialisation\/","og_site_name":"Calpeda","twitter_card":"summary_large_image","twitter_misc":{"Est. reading time":"9 minutes"},"schema":{"@context":"https:\/\/schema.org","@graph":[{"@type":"WebPage","@id":"https:\/\/www.calpeda.com\/tn\/informations-et-consentements-pour-la-commercialisation\/","url":"https:\/\/www.calpeda.com\/tn\/informations-et-consentements-pour-la-commercialisation\/","name":"Informations et consentements pour la commercialisation - Calpeda","isPartOf":{"@id":"https:\/\/www.calpeda.com\/tn\/#website"},"datePublished":"2023-12-12T16:46:45+00:00","breadcrumb":{"@id":"https:\/\/www.calpeda.com\/tn\/informations-et-consentements-pour-la-commercialisation\/#breadcrumb"},"inLanguage":"ar-TN","potentialAction":[{"@type":"ReadAction","target":["https:\/\/www.calpeda.com\/tn\/informations-et-consentements-pour-la-commercialisation\/"]}]},{"@type":"BreadcrumbList","@id":"https:\/\/www.calpeda.com\/tn\/informations-et-consentements-pour-la-commercialisation\/#breadcrumb","itemListElement":[{"@type":"ListItem","position":1,"name":"Home","item":"https:\/\/www.calpeda.com\/tn\/"},{"@type":"ListItem","position":2,"name":"Informations et consentements pour la commercialisation"}]},{"@type":"WebSite","@id":"https:\/\/www.calpeda.com\/tn\/#website","url":"https:\/\/www.calpeda.com\/tn\/","name":"Calpeda","description":"","publisher":{"@id":"https:\/\/www.calpeda.com\/tn\/#organization"},"potentialAction":[{"@type":"SearchAction","target":{"@type":"EntryPoint","urlTemplate":"https:\/\/www.calpeda.com\/tn\/?s={search_term_string}"},"query-input":{"@type":"PropertyValueSpecification","valueRequired":true,"valueName":"search_term_string"}}],"inLanguage":"ar-TN"},{"@type":"Organization","@id":"https:\/\/www.calpeda.com\/tn\/#organization","name":"Calpeda","url":"https:\/\/www.calpeda.com\/tn\/","logo":{"@type":"ImageObject","inLanguage":"ar-TN","@id":"https:\/\/www.calpeda.com\/tn\/#\/schema\/logo\/image\/","url":"https:\/\/www.calpeda.com\/wp-content\/uploads\/2023\/05\/calpeda-logo.webp","contentUrl":"https:\/\/www.calpeda.com\/wp-content\/uploads\/2023\/05\/calpeda-logo.webp","width":1949,"height":399,"caption":"Calpeda"},"image":{"@id":"https:\/\/www.calpeda.com\/tn\/#\/schema\/logo\/image\/"}}]}},"_links":{"self":[{"href":"https:\/\/www.calpeda.com\/tn\/wp-json\/wp\/v2\/pages\/29701","targetHints":{"allow":["GET"]}}],"collection":[{"href":"https:\/\/www.calpeda.com\/tn\/wp-json\/wp\/v2\/pages"}],"about":[{"href":"https:\/\/www.calpeda.com\/tn\/wp-json\/wp\/v2\/types\/page"}],"author":[{"embeddable":true,"href":"https:\/\/www.calpeda.com\/tn\/wp-json\/wp\/v2\/users\/4"}],"replies":[{"embeddable":true,"href":"https:\/\/www.calpeda.com\/tn\/wp-json\/wp\/v2\/comments?post=29701"}],"version-history":[{"count":0,"href":"https:\/\/www.calpeda.com\/tn\/wp-json\/wp\/v2\/pages\/29701\/revisions"}],"wp:attachment":[{"href":"https:\/\/www.calpeda.com\/tn\/wp-json\/wp\/v2\/media?parent=29701"}],"curies":[{"name":"wp","href":"https:\/\/api.w.org\/{rel}","templated":true}]}}